{"id":13566,"date":"2020-12-11T09:40:43","date_gmt":"2020-12-11T09:40:43","guid":{"rendered":"https:\/\/cabo-verde.cv\/politica-de-privacidade\/"},"modified":"2025-08-02T06:51:41","modified_gmt":"2025-08-02T06:51:41","slug":"politica-de-privacidade","status":"publish","type":"page","link":"https:\/\/cabo-verde.cv\/pt-pt\/politica-de-privacidade\/","title":{"rendered":"Pol\u00edtica de privacidade"},"content":{"rendered":"<h2 class=\"wp-block-heading\">Quem somos<\/h2><p>O endere\u00e7o do nosso s\u00edtio Web \u00e9: https:\/\/wordpress-722045-2402992.cloudwaysapps.com.<\/p><h2 class=\"wp-block-heading\">Que dados pessoais recolhemos e porque os recolhemos<\/h2><h3 class=\"wp-block-heading\">Coment\u00e1rios<\/h3><p>Quando os visitantes deixam coment\u00e1rios no s\u00edtio, recolhemos os dados apresentados no formul\u00e1rio de coment\u00e1rios, bem como o endere\u00e7o IP do visitante e a cadeia de agentes do utilizador do browser para ajudar a detetar spam.<\/p><p>Uma cadeia an\u00f3nima criada a partir do teu endere\u00e7o de e-mail (tamb\u00e9m designada por hash) pode ser fornecida ao servi\u00e7o Gravatar para verificar se o est\u00e1s a utilizar. A pol\u00edtica de privacidade do servi\u00e7o Gravatar est\u00e1 dispon\u00edvel aqui: https:\/\/automattic.com\/privacy\/. Ap\u00f3s a aprova\u00e7\u00e3o do teu coment\u00e1rio, a tua imagem de perfil fica vis\u00edvel para o p\u00fablico no contexto do teu coment\u00e1rio. <\/p><h3 class=\"wp-block-heading\">Meios de comunica\u00e7\u00e3o social<\/h3><p>Se carregares imagens para o s\u00edtio Web, deves evitar carregar imagens com dados de localiza\u00e7\u00e3o incorporados (EXIF GPS). Os visitantes do s\u00edtio Web podem descarregar e extrair quaisquer dados de localiza\u00e7\u00e3o das imagens no s\u00edtio Web. <\/p><h3 class=\"wp-block-heading\">Formul\u00e1rios de contacto<\/h3><h3 class=\"wp-block-heading\">Cookies<\/h3><p>Se deixares um coment\u00e1rio no nosso site, podes optar por guardar o teu nome, endere\u00e7o de e-mail e site nos cookies. Estes s\u00e3o para tua conveni\u00eancia, para que n\u00e3o tenhas de preencher os teus dados novamente quando deixares outro coment\u00e1rio. Estes cookies t\u00eam a dura\u00e7\u00e3o de um ano.  <\/p><p>Se visitares a nossa p\u00e1gina de in\u00edcio de sess\u00e3o, definiremos um cookie tempor\u00e1rio para determinar se o teu browser aceita cookies. Este cookie n\u00e3o cont\u00e9m dados pessoais e \u00e9 eliminado quando fechas o teu browser. <\/p><p>Quando inicias sess\u00e3o, tamb\u00e9m configuramos v\u00e1rios cookies para guardar as tuas informa\u00e7\u00f5es de in\u00edcio de sess\u00e3o e as tuas op\u00e7\u00f5es de visualiza\u00e7\u00e3o do ecr\u00e3. Os cookies de in\u00edcio de sess\u00e3o duram dois dias e os cookies de op\u00e7\u00f5es de ecr\u00e3 duram um ano. Se seleccionares &#8220;Lembrar-me&#8221;, o teu in\u00edcio de sess\u00e3o persistir\u00e1 durante duas semanas. Se terminares a sess\u00e3o na tua conta, os cookies de in\u00edcio de sess\u00e3o ser\u00e3o removidos.   <\/p><p>Se editares ou publicares um artigo, ser\u00e1 guardado um cookie adicional no teu browser. Este cookie n\u00e3o inclui dados pessoais e indica simplesmente o ID de publica\u00e7\u00e3o do artigo que acabaste de editar. Expira ao fim de 1 dia.  <\/p><h3 class=\"wp-block-heading\">Conte\u00fado incorporado de outros s\u00edtios Web<\/h3><p>Os artigos deste s\u00edtio podem incluir conte\u00fado incorporado (por exemplo, v\u00eddeos, imagens, artigos, etc.). O conte\u00fado incorporado de outros s\u00edtios Web comporta-se exatamente da mesma forma como se o visitante tivesse visitado o outro s\u00edtio Web. <\/p><p>Estes s\u00edtios Web podem recolher dados sobre ti, utilizar cookies, incorporar rastreio adicional de terceiros e monitorizar a tua intera\u00e7\u00e3o com esse conte\u00fado incorporado, incluindo o rastreio da tua intera\u00e7\u00e3o com o conte\u00fado incorporado se tiveres uma conta e estiveres ligado a esse s\u00edtio Web.<\/p><h3 class=\"wp-block-heading\">Anal\u00edtica<\/h3><h2 class=\"wp-block-heading\">Com quem partilhamos os teus dados<\/h2><h2 class=\"wp-block-heading\">Durante quanto tempo conservamos os teus dados<\/h2><p>Se deixares um coment\u00e1rio, o coment\u00e1rio e os seus metadados s\u00e3o mantidos indefinidamente. Isto \u00e9 para que possamos reconhecer e aprovar automaticamente quaisquer coment\u00e1rios seguintes, em vez de os mantermos numa fila de modera\u00e7\u00e3o. <\/p><p>Para os utilizadores que se registam no nosso s\u00edtio Web (caso existam), tamb\u00e9m guardamos as informa\u00e7\u00f5es pessoais que fornecem no seu perfil de utilizador. Todos os utilizadores podem ver, editar ou eliminar as suas informa\u00e7\u00f5es pessoais em qualquer altura (exceto que n\u00e3o podem alterar o seu nome de utilizador). Os administradores do s\u00edtio Web tamb\u00e9m podem ver e editar essas informa\u00e7\u00f5es.  <\/p><h2 class=\"wp-block-heading\">Que direitos tens sobre os teus dados<\/h2><p>Se tens uma conta neste s\u00edtio, ou deixaste coment\u00e1rios, podes pedir para receber um ficheiro exportado dos dados pessoais que temos sobre ti, incluindo quaisquer dados que nos tenhas fornecido. Tamb\u00e9m podes pedir que apaguemos quaisquer dados pessoais que tenhamos sobre ti. Isto n\u00e3o inclui quaisquer dados que sejamos obrigados a manter para fins administrativos, legais ou de seguran\u00e7a.  <\/p><h2 class=\"wp-block-heading\">Para onde enviamos os teus dados<\/h2><p>Os coment\u00e1rios dos visitantes podem ser verificados atrav\u00e9s de um servi\u00e7o autom\u00e1tico de dete\u00e7\u00e3o de spam.<\/p><h2 class=\"wp-block-heading\">As tuas informa\u00e7\u00f5es de contacto<\/h2><h2 class=\"wp-block-heading\">Informa\u00e7\u00f5es adicionais<\/h2><h3 class=\"wp-block-heading\">Como protegemos os teus dados<\/h3><h3 class=\"wp-block-heading\">Que procedimentos de viola\u00e7\u00e3o de dados temos em vigor<\/h3><h3 class=\"wp-block-heading\">De que terceiros recebemos dados<\/h3><h3 class=\"wp-block-heading\">Que decis\u00f5es automatizadas e\/ou defini\u00e7\u00e3o de perfis fazemos com os dados dos utilizadores<\/h3><h3 class=\"wp-block-heading\">Requisitos de divulga\u00e7\u00e3o regulamentar do sector<\/h3>","protected":false},"excerpt":{"rendered":"<p>Quem somos O endere\u00e7o do nosso s\u00edtio Web \u00e9: https:\/\/wordpress-722045-2402992.cloudwaysapps.com. Que dados pessoais recolhemos e porque os recolhemos Coment\u00e1rios Quando os visitantes deixam coment\u00e1rios no s\u00edtio, recolhemos os dados apresentados no formul\u00e1rio de coment\u00e1rios, bem como o endere\u00e7o IP do visitante e a cadeia de agentes do utilizador do browser para ajudar a detetar spam. [&hellip;]<\/p>\n","protected":false},"author":3,"featured_media":0,"parent":0,"menu_order":0,"comment_status":"closed","ping_status":"closed","template":"","meta":{"footnotes":""},"class_list":["post-13566","page","type-page","status-publish","hentry"],"_links":{"self":[{"href":"https:\/\/cabo-verde.cv\/pt-pt\/wp-json\/wp\/v2\/pages\/13566","targetHints":{"allow":["GET"]}}],"collection":[{"href":"https:\/\/cabo-verde.cv\/pt-pt\/wp-json\/wp\/v2\/pages"}],"about":[{"href":"https:\/\/cabo-verde.cv\/pt-pt\/wp-json\/wp\/v2\/types\/page"}],"author":[{"embeddable":true,"href":"https:\/\/cabo-verde.cv\/pt-pt\/wp-json\/wp\/v2\/users\/3"}],"replies":[{"embeddable":true,"href":"https:\/\/cabo-verde.cv\/pt-pt\/wp-json\/wp\/v2\/comments?post=13566"}],"version-history":[{"count":1,"href":"https:\/\/cabo-verde.cv\/pt-pt\/wp-json\/wp\/v2\/pages\/13566\/revisions"}],"predecessor-version":[{"id":13567,"href":"https:\/\/cabo-verde.cv\/pt-pt\/wp-json\/wp\/v2\/pages\/13566\/revisions\/13567"}],"wp:attachment":[{"href":"https:\/\/cabo-verde.cv\/pt-pt\/wp-json\/wp\/v2\/media?parent=13566"}],"curies":[{"name":"wp","href":"https:\/\/api.w.org\/{rel}","templated":true}]}}