{"id":14242,"date":"2018-11-02T10:41:38","date_gmt":"2018-11-02T10:41:38","guid":{"rendered":"https:\/\/cabo-verde.cv\/raster-volledige-breedte-kaart\/"},"modified":"2018-11-02T10:41:38","modified_gmt":"2018-11-02T10:41:38","slug":"raster-volledige-breedte-kaart","status":"publish","type":"page","link":"https:\/\/cabo-verde.cv\/nl\/raster-volledige-breedte-kaart\/","title":{"rendered":"Raster volledige breedte + kaart"},"content":{"rendered":"\r\n\t\t\t<div class=\"row margin-bottom-25\">\r\n\r\n\t\t\t\t\n\t<div class=\"col-md-3 col-xs-6\">\n\t\t<!-- Layout Switcher -->\n\t\t<div class=\"layout-switcher\">\n\t\t\t<a href=\"#\" data-layout=\"grid\" class=\"grid\"><i class=\"fa fa-th\"><\/i><\/a>\n\t\t\t<a href=\"#\" data-layout=\"list\" class=\"list\"><i class=\"fa fa-align-justify\"><\/i><\/a>\n\t\t<\/div>\n\t<\/div>\n\n\n<!-- Sorting \/ Layout Switcher -->\n\t<div class=\"col-md-9\">\n\t\t\t<div class=\"fullwidth-filters  ajax-search \">\n\n\t\t\t\t\t\t\t<!-- Panel Dropdown -->\n\t\t\t\t<div class=\"panel-dropdown wide float-right\" id=\"tax-listing_feature-panel\">\n\t\t\t\t\t<a href=\"#\">More Filters<\/a>\n\t\t\t\t\t<div class=\"panel-dropdown-content checkboxes\">\n\t\t\t\t\t\t\t\t\t\t\t\t<div class=\"row\">\n\n\t\t\t\t\t\t\t\t\t\t\t\t\t\t\t<div class=\"notification warning\">\n\t\t\t\t\t\t\t\t\t<p>Please choose category to display filters<\/p>\n\t\t\t\t\t\t\t\t<\/div>\n\n\t\t\t\t\t\t\t\n\t\t\t\t\t\t<\/div>\n\n\t\t\t\t\t\t<!-- Buttons -->\n\t\t\t\t\t\t<div class=\"panel-buttons\">\n\t\t\t\t\t\t\t<span class=\"panel-cancel\">Cancel<\/span>\n\t\t\t\t\t\t\t<button class=\"panel-apply\">Toepassen<\/button>\n\t\t\t\t\t\t<\/div>\n\n\t\t\t\t\t<\/div>\n\t\t\t\t<\/div>\n\t\t\t\t<!-- Panel Dropdown \/ End -->\n\t\t\t\n\t\t\t\t\t\t\t<!-- Panel Dropdown-->\n\t\t\t\t<div class=\"panel-dropdown float-right\">\n\t\t\t\t\t<a href=\"#\">Distance Radius<\/a>\n\t\t\t\t\t<div class=\"panel-dropdown-content radius-dropdown\">\n\t\t\t\t\t\t\t\t\t\t\t\t<input form=\"listeo_core-search-form\" name=\"search_radius\" class=\"distance-radius\" type=\"range\" min=\"1\" max=\"100\" step=\"1\" value=\"\" data-title=\"Radius around selected destination\">\n\t\t\t\t\t\t<div class=\"panel-buttons\">\n\t\t\t\t\t\t\t<span class=\"panel-disable\" data-disable=\"Disable\" data-enable=\"Enable\">Uitschakelen<\/span>\n\t\t\t\t\t\t\t<button class=\"panel-apply\">Toepassen<\/button>\n\t\t\t\t\t\t<\/div>\n\t\t\t\t\t<\/div>\n\t\t\t\t<\/div>\n\t\t\t\t<!-- Panel Dropdown \/ End -->\n\t\t\t\n\t\t\t\t\t\t\t<!-- Sort by -->\n\t\t\t\t<div class=\"sort-by\">\n\t\t\t\t\t<div class=\"sort-by-select\">\n\t\t\t\t\t\t\t\t\t\t\t\t<select form=\"listeo_core-search-form\" name=\"listeo_core_order\" data-placeholder=\"Default order\" class=\"select2-sortby orderby\">\n\t\t\t\t\t\t\t<option  value=\"default\">Default Order<\/option>\n\t\t\t\t\t\t\t <option  value=\"highest-rated\">Highest Rated<\/option>\t\t\t\t\t\t\t\t\t\t\t\t\t\t\t<option  value=\"reviewed\">Most Reviewed<\/option>\t\t\t\t\t\t\t\t\t\t\t\t\t\t<option  value=\"date-desc\">Newest Listings<\/option>\t\t\t\t\t\t\t<option  value=\"date-asc\">Oldest Listings<\/option>\t\t\t\t\t\t\t<option  value=\"title\">Alphabetically<\/option>\t\t\t\t\t\t\t<option  selected='selected' value=\"featured\">Featured<\/option>\t\t\t\t\t\t\t<option  value=\"views\">Most Views<\/option>\t\t\t\t\t\t\t<option  value=\"verified\">Verified<\/option>\t\t\t\t\t\t\t<option  value=\"upcoming-event\">Upcoming Event<\/option>\t\t\t\t\t\t\t<option  value=\"rand\">Random<\/option>\t\t\t\t\t\t<\/select>\n\t\t\t\t\t<\/div>\n\t\t\t\t<\/div>\n\t\t\t\t<!-- Sort by \/ End -->\n\t\t\t\n\t\t<\/div>\n\t\t<\/div>\t\t\t<\/div>\r\n\t\t<!-- Listings -->\r\n\r\n<div id=\"listeo-listings-container\" \r\ndata-counter=\"5630\" \r\ndata-style=\"compact\"  \r\ndata-custom_class=\"\" \r\ndata-per_page=\"6\" \r\ndata-grid_columns=\"3\" \r\n data-region=\"\"  data-_listing_type=\"\"  data-category=\"\"  data-feature=\"\"  data-rental-category=\"\"  data-service-category=\"\"  data-event-category=\"\" class=\"row  ajax-search\">\r\n\t<div class=\"loader-ajax-container\" style=\"\"> <div class=\"loader-ajax\"><\/div> <\/div>\r\n<!-- Listing Item -->\r\n        <div class=\"col-lg-4 col-md-6\">\r\n                <a href=\"https:\/\/cabo-verde.cv\/nl\/listing\/salao-cabeleireiro-paula\/\"  class=\"listing-item-container listing-geo-data compact\" \r\n\t\tdata-title=\"Sal\u00e3o Cabeleireiro Paula\"\r\n\t\tdata-listing-type=\"\"\r\n\t\tdata-classifieds-price=\"$\"\r\n\t\tdata-friendly-address=\"Achada Santo Ant\u00f3nio\"\r\n\t\tdata-address=\"Achada Santo Ant\u00f3nio\"\r\n\t\tdata-image=\"https:\/\/cabo-verde.cv\/wp-content\/uploads\/2025\/11\/listing-image-520x397.png\"\r\n\t\tdata-longitude=\"14.924.983\"\r\n\t\tdata-latitude=\"-23.509.427\"\r\n\t\t\t\t\tdata-rating=\"0\"\r\n\t\t\tdata-reviews=\"0\"\r\n\t\t\t\tdata-icon=\"<i class=&quot;sl sl-icon-location&quot;><\/i>\"\r\n\r\n\t>\r\n            <div class=\"listing-item  \">\r\n                <div class=\"listing-small-badges-container\">\r\n                                                                                                    \r\n                <\/div>\r\n                \t<img decoding=\"async\" src=\"https:\/\/cabo-verde.cv\/wp-content\/uploads\/2025\/11\/listing-image-520x397.png\" alt=\"\">\r\n\r\n                \r\n\r\n                <div class=\"listing-item-content\">\r\n                    \r\n                    <h3> Sal\u00e3o Cabeleireiro Paula <\/h3>\r\n                    <span>Achada Santo Ant\u00f3nio<\/span>\r\n                <\/div>\r\n                                        <span class=\"save like-icon tooltip left\" title=\"Login To Bookmark Items\"><\/span>\r\n                                                <\/div>\r\n        <\/a>\r\n                    <\/div>\r\n        \r\n\r\n        <!-- Listing Item \/ End --><!-- Listing Item -->\r\n        <div class=\"col-lg-4 col-md-6\">\r\n                <a href=\"https:\/\/cabo-verde.cv\/nl\/listing\/cabocan-lda\/\"  class=\"listing-item-container listing-geo-data compact\" \r\n\t\tdata-title=\"Cabocan, Lda\"\r\n\t\tdata-listing-type=\"\"\r\n\t\tdata-classifieds-price=\"$\"\r\n\t\tdata-friendly-address=\"Santa Maria\"\r\n\t\tdata-address=\"Santa Maria\"\r\n\t\tdata-image=\"https:\/\/cabo-verde.cv\/wp-content\/uploads\/2025\/11\/listing-image-520x397.png\"\r\n\t\tdata-longitude=\"16.614.953\"\r\n\t\tdata-latitude=\"-22.922.958\"\r\n\t\t\t\t\tdata-rating=\"0\"\r\n\t\t\tdata-reviews=\"0\"\r\n\t\t\t\tdata-icon=\"<i class=&quot;sl sl-icon-location&quot;><\/i>\"\r\n\r\n\t>\r\n            <div class=\"listing-item  \">\r\n                <div class=\"listing-small-badges-container\">\r\n                                                                                                    \r\n                <\/div>\r\n                \t<img decoding=\"async\" src=\"https:\/\/cabo-verde.cv\/wp-content\/uploads\/2025\/11\/listing-image-520x397.png\" alt=\"\">\r\n\r\n                \r\n\r\n                <div class=\"listing-item-content\">\r\n                    \r\n                    <h3> Cabocan, Lda <\/h3>\r\n                    <span>Santa Maria<\/span>\r\n                <\/div>\r\n                                        <span class=\"save like-icon tooltip left\" title=\"Login To Bookmark Items\"><\/span>\r\n                                                <\/div>\r\n        <\/a>\r\n                    <\/div>\r\n        \r\n\r\n        <!-- Listing Item \/ End --><!-- Listing Item -->\r\n        <div class=\"col-lg-4 col-md-6\">\r\n                <a href=\"https:\/\/cabo-verde.cv\/nl\/listing\/pca-peritos-contabilistas-e-associados\/\"  class=\"listing-item-container listing-geo-data compact\" \r\n\t\tdata-title=\"PCA \u2013 Peritos Contabilistas e Associados\"\r\n\t\tdata-listing-type=\"\"\r\n\t\tdata-classifieds-price=\"$\"\r\n\t\tdata-friendly-address=\"Mindelo\"\r\n\t\tdata-address=\"Mindelo\"\r\n\t\tdata-image=\"https:\/\/cabo-verde.cv\/wp-content\/uploads\/2025\/11\/listing-image-520x397.png\"\r\n\t\tdata-longitude=\"16.887.686\"\r\n\t\tdata-latitude=\"-24.985.988\"\r\n\t\t\t\t\tdata-rating=\"0\"\r\n\t\t\tdata-reviews=\"0\"\r\n\t\t\t\tdata-icon=\"<i class=&quot;sl sl-icon-location&quot;><\/i>\"\r\n\r\n\t>\r\n            <div class=\"listing-item  \">\r\n                <div class=\"listing-small-badges-container\">\r\n                                                                                                    \r\n                <\/div>\r\n                \t<img decoding=\"async\" src=\"https:\/\/cabo-verde.cv\/wp-content\/uploads\/2025\/11\/listing-image-520x397.png\" alt=\"\">\r\n\r\n                \r\n\r\n                <div class=\"listing-item-content\">\r\n                    \r\n                    <h3> PCA \u2013 Peritos Contabilistas e Associados <\/h3>\r\n                    <span>Mindelo<\/span>\r\n                <\/div>\r\n                                        <span class=\"save like-icon tooltip left\" title=\"Login To Bookmark Items\"><\/span>\r\n                                                <\/div>\r\n        <\/a>\r\n                    <\/div>\r\n        \r\n\r\n        <!-- Listing Item \/ End --><!-- Listing Item -->\r\n        <div class=\"col-lg-4 col-md-6\">\r\n                <a href=\"https:\/\/cabo-verde.cv\/nl\/listing\/escola-conducao-didatica-sociedade-unipessoal-lda\/\"  class=\"listing-item-container listing-geo-data compact\" \r\n\t\tdata-title=\"Escola Condu\u00e7\u00e3o Did\u00e1tica Sociedade Unipessoal, Lda\"\r\n\t\tdata-listing-type=\"\"\r\n\t\tdata-classifieds-price=\"$\"\r\n\t\tdata-friendly-address=\"Port\u00e3ozinho\"\r\n\t\tdata-address=\"Port\u00e3ozinho\"\r\n\t\tdata-image=\"https:\/\/cabo-verde.cv\/wp-content\/uploads\/2025\/11\/listing-image-520x397.png\"\r\n\t\tdata-longitude=\"15.098.824\"\r\n\t\tdata-latitude=\"-2.366.712\"\r\n\t\t\t\t\tdata-rating=\"0\"\r\n\t\t\tdata-reviews=\"0\"\r\n\t\t\t\tdata-icon=\"<i class=&quot;sl sl-icon-location&quot;><\/i>\"\r\n\r\n\t>\r\n            <div class=\"listing-item  \">\r\n                <div class=\"listing-small-badges-container\">\r\n                                                                                                    \r\n                <\/div>\r\n                \t<img decoding=\"async\" src=\"https:\/\/cabo-verde.cv\/wp-content\/uploads\/2025\/11\/listing-image-520x397.png\" alt=\"\">\r\n\r\n                \r\n\r\n                <div class=\"listing-item-content\">\r\n                    \r\n                    <h3> Escola Condu\u00e7\u00e3o Did\u00e1tica Sociedade Unipessoal, Lda <\/h3>\r\n                    <span>Port\u00e3ozinho<\/span>\r\n                <\/div>\r\n                                        <span class=\"save like-icon tooltip left\" title=\"Login To Bookmark Items\"><\/span>\r\n                                                <\/div>\r\n        <\/a>\r\n                    <\/div>\r\n        \r\n\r\n        <!-- Listing Item \/ End --><!-- Listing Item -->\r\n        <div class=\"col-lg-4 col-md-6\">\r\n                <a href=\"https:\/\/cabo-verde.cv\/nl\/listing\/ps-comercial-lda\/\"  class=\"listing-item-container listing-geo-data compact\" \r\n\t\tdata-title=\"P&S Comercial, Lda\"\r\n\t\tdata-listing-type=\"\"\r\n\t\tdata-classifieds-price=\"$\"\r\n\t\tdata-friendly-address=\"Achada Santo Ant\u00f3nio\"\r\n\t\tdata-address=\"Achada Santo Ant\u00f3nio\"\r\n\t\tdata-image=\"https:\/\/cabo-verde.cv\/wp-content\/uploads\/2025\/11\/listing-image-520x397.png\"\r\n\t\tdata-longitude=\"14.909.669\"\r\n\t\tdata-latitude=\"-23.514.532\"\r\n\t\t\t\t\tdata-rating=\"0\"\r\n\t\t\tdata-reviews=\"0\"\r\n\t\t\t\tdata-icon=\"<i class=&quot;sl sl-icon-location&quot;><\/i>\"\r\n\r\n\t>\r\n            <div class=\"listing-item  \">\r\n                <div class=\"listing-small-badges-container\">\r\n                                                                                                    \r\n                <\/div>\r\n                \t<img decoding=\"async\" src=\"https:\/\/cabo-verde.cv\/wp-content\/uploads\/2025\/11\/listing-image-520x397.png\" alt=\"\">\r\n\r\n                \r\n\r\n                <div class=\"listing-item-content\">\r\n                    \r\n                    <h3> P&S Comercial, Lda <\/h3>\r\n                    <span>Achada Santo Ant\u00f3nio<\/span>\r\n                <\/div>\r\n                                        <span class=\"save like-icon tooltip left\" title=\"Login To Bookmark Items\"><\/span>\r\n                                                <\/div>\r\n        <\/a>\r\n                    <\/div>\r\n        \r\n\r\n        <!-- Listing Item \/ End --><!-- Listing Item -->\r\n        <div class=\"col-lg-4 col-md-6\">\r\n                <a href=\"https:\/\/cabo-verde.cv\/nl\/listing\/papelaria-academica\/\"  class=\"listing-item-container listing-geo-data compact\" \r\n\t\tdata-title=\"Papelaria Acad\u00e9mica\"\r\n\t\tdata-listing-type=\"\"\r\n\t\tdata-classifieds-price=\"$\"\r\n\t\tdata-friendly-address=\"Plateau\"\r\n\t\tdata-address=\"Plateau\"\r\n\t\tdata-image=\"https:\/\/cabo-verde.cv\/wp-content\/uploads\/2025\/11\/listing-image-520x397.png\"\r\n\t\tdata-longitude=\"149.216.845\"\r\n\t\tdata-latitude=\"-235.090.907\"\r\n\t\t\t\t\tdata-rating=\"0\"\r\n\t\t\tdata-reviews=\"0\"\r\n\t\t\t\tdata-icon=\"<i class=&quot;sl sl-icon-location&quot;><\/i>\"\r\n\r\n\t>\r\n            <div class=\"listing-item  \">\r\n                <div class=\"listing-small-badges-container\">\r\n                                                                                                    \r\n                <\/div>\r\n                \t<img decoding=\"async\" src=\"https:\/\/cabo-verde.cv\/wp-content\/uploads\/2025\/11\/listing-image-520x397.png\" alt=\"\">\r\n\r\n                \r\n\r\n                <div class=\"listing-item-content\">\r\n                    \r\n                    <h3> Papelaria Acad\u00e9mica <\/h3>\r\n                    <span>Plateau<\/span>\r\n                <\/div>\r\n                                        <span class=\"save like-icon tooltip left\" title=\"Login To Bookmark Items\"><\/span>\r\n                                                <\/div>\r\n        <\/a>\r\n                    <\/div>\r\n        \r\n\r\n        <!-- Listing Item \/ End -->\t\t\t<\/div>\r\n\t\t\t<div class=\"pagination-container margin-top-20 margin-bottom-20 ajax-search\">\r\n\t\t\t\t<nav class=\"pagination margin-top-30\"><ul class=\"pagination\"><li class=\"current\" data-paged=\"1\"><a href=\"#\">1 <\/a><\/li><li data-paged=\"2\"><a href=\"#\">2<\/a><\/li><li data-paged=\"3\"><a href=\"#\">3<\/a><\/li><li data-paged=\"next\"><a  href=\"#\"><i class=\"sl sl-icon-arrow-right\"><\/i><\/a><\/li><\/ul><\/nav>\t\t\t<\/div>\r\n\t\t\t\n","protected":false},"excerpt":{"rendered":"","protected":false},"author":3,"featured_media":0,"parent":0,"menu_order":0,"comment_status":"closed","ping_status":"closed","template":"template-listings-map.php","meta":{"footnotes":""},"class_list":["post-14242","page","type-page","status-publish","hentry"],"_links":{"self":[{"href":"https:\/\/cabo-verde.cv\/nl\/wp-json\/wp\/v2\/pages\/14242","targetHints":{"allow":["GET"]}}],"collection":[{"href":"https:\/\/cabo-verde.cv\/nl\/wp-json\/wp\/v2\/pages"}],"about":[{"href":"https:\/\/cabo-verde.cv\/nl\/wp-json\/wp\/v2\/types\/page"}],"author":[{"embeddable":true,"href":"https:\/\/cabo-verde.cv\/nl\/wp-json\/wp\/v2\/users\/3"}],"replies":[{"embeddable":true,"href":"https:\/\/cabo-verde.cv\/nl\/wp-json\/wp\/v2\/comments?post=14242"}],"version-history":[{"count":0,"href":"https:\/\/cabo-verde.cv\/nl\/wp-json\/wp\/v2\/pages\/14242\/revisions"}],"wp:attachment":[{"href":"https:\/\/cabo-verde.cv\/nl\/wp-json\/wp\/v2\/media?parent=14242"}],"curies":[{"name":"wp","href":"https:\/\/api.w.org\/{rel}","templated":true}]}}