{"id":13473,"date":"2024-12-21T10:55:48","date_gmt":"2024-12-21T10:55:48","guid":{"rendered":"https:\/\/cabo-verde.cv\/actualites\/"},"modified":"2025-08-02T06:50:14","modified_gmt":"2025-08-02T06:50:14","slug":"actualites","status":"publish","type":"page","link":"https:\/\/cabo-verde.cv\/fr\/actualites\/","title":{"rendered":"Actualit\u00e9s"},"content":{"rendered":"\t\t<div data-elementor-type=\"wp-page\" data-elementor-id=\"13473\" class=\"elementor elementor-13473 elementor-9567\" data-elementor-post-type=\"page\">\n\t\t\t\t\t\t<section class=\"elementor-section elementor-top-section elementor-element elementor-element-46a54ae8 elementor-section-boxed elementor-section-height-default elementor-section-height-default\" data-id=\"46a54ae8\" data-element_type=\"section\" data-e-type=\"section\" data-settings=\"{&quot;background_background&quot;:&quot;classic&quot;}\">\n\t\t\t\t\t\t<div class=\"elementor-container elementor-column-gap-custom\">\n\t\t\t\t\t<div class=\"elementor-column elementor-col-50 elementor-top-column elementor-element elementor-element-7df4a828\" data-id=\"7df4a828\" data-element_type=\"column\" data-e-type=\"column\">\n\t\t\t<div class=\"elementor-widget-wrap elementor-element-populated\">\n\t\t\t\t\t\t<div class=\"elementor-element elementor-element-ba7eee7 elementor-grid-1 elementor-grid-tablet-2 elementor-grid-mobile-1 elementor-posts--thumbnail-top elementor-card-shadow-yes elementor-posts__hover-gradient elementor-widget elementor-widget-posts\" data-id=\"ba7eee7\" data-element_type=\"widget\" data-e-type=\"widget\" data-settings=\"{&quot;cards_columns&quot;:&quot;1&quot;,&quot;cards_columns_tablet&quot;:&quot;2&quot;,&quot;cards_columns_mobile&quot;:&quot;1&quot;,&quot;cards_row_gap&quot;:{&quot;unit&quot;:&quot;px&quot;,&quot;size&quot;:35,&quot;sizes&quot;:[]},&quot;cards_row_gap_tablet&quot;:{&quot;unit&quot;:&quot;px&quot;,&quot;size&quot;:&quot;&quot;,&quot;sizes&quot;:[]},&quot;cards_row_gap_mobile&quot;:{&quot;unit&quot;:&quot;px&quot;,&quot;size&quot;:&quot;&quot;,&quot;sizes&quot;:[]}}\" data-widget_type=\"posts.cards\">\n\t\t\t\t<div class=\"elementor-widget-container\">\n\t\t\t\t\t\t\t<div class=\"elementor-posts-container elementor-posts elementor-posts--skin-cards elementor-grid\" role=\"list\">\n\t\t\t\t<article class=\"elementor-post elementor-grid-item post-13816 post type-post status-publish format-standard has-post-thumbnail hentry category-iles-fr-2 tag-iles-fr tag-maio-fr-4\" role=\"listitem\">\n\t\t\t<div class=\"elementor-post__card\">\n\t\t\t\t<a class=\"elementor-post__thumbnail__link\" href=\"https:\/\/cabo-verde.cv\/fr\/les-charmes-caches-de-lile-de-maio\/\" tabindex=\"-1\" ><div class=\"elementor-post__thumbnail\"><img fetchpriority=\"high\" decoding=\"async\" width=\"590\" height=\"590\" src=\"https:\/\/cabo-verde.cv\/wp-content\/uploads\/2024\/04\/cabo-verde-ilha-do-maio-activities-590x590.jpg\" class=\"attachment-listeo_core-avatar size-listeo_core-avatar wp-image-10579\" alt=\"Ilha do Maio Activities\" srcset=\"https:\/\/cabo-verde.cv\/wp-content\/uploads\/2024\/04\/cabo-verde-ilha-do-maio-activities-590x590.jpg 590w, https:\/\/cabo-verde.cv\/wp-content\/uploads\/2024\/04\/cabo-verde-ilha-do-maio-activities-150x150.jpg 150w, https:\/\/cabo-verde.cv\/wp-content\/uploads\/2024\/04\/cabo-verde-ilha-do-maio-activities-200x200.jpg 200w, https:\/\/cabo-verde.cv\/wp-content\/uploads\/2024\/04\/cabo-verde-ilha-do-maio-activities-300x300.jpg 300w, https:\/\/cabo-verde.cv\/wp-content\/uploads\/2024\/04\/cabo-verde-ilha-do-maio-activities-100x100.jpg 100w\" sizes=\"(max-width: 590px) 100vw, 590px\" \/><\/div><\/a>\n\t\t\t\t<div class=\"elementor-post__text\">\n\t\t\t\t<h3 class=\"elementor-post__title\">\n\t\t\t<a href=\"https:\/\/cabo-verde.cv\/fr\/les-charmes-caches-de-lile-de-maio\/\" >\n\t\t\t\tLes charmes cach\u00e9s de l\u2019\u00eele de Maio\t\t\t<\/a>\n\t\t<\/h3>\n\t\t\t\t<\/div>\n\t\t\t\t\t<\/div>\n\t\t<\/article>\n\t\t\t\t<\/div>\n\t\t\n\t\t\t\t\t\t<\/div>\n\t\t\t\t<\/div>\n\t\t\t\t\t<\/div>\n\t\t<\/div>\n\t\t\t\t<div class=\"elementor-column elementor-col-50 elementor-top-column elementor-element elementor-element-21451776\" data-id=\"21451776\" data-element_type=\"column\" data-e-type=\"column\">\n\t\t\t<div class=\"elementor-widget-wrap elementor-element-populated\">\n\t\t\t\t\t\t<div class=\"elementor-element elementor-element-259fed6 elementor-grid-2 elementor-grid-tablet-2 elementor-grid-mobile-1 elementor-posts--thumbnail-top elementor-card-shadow-yes elementor-posts__hover-gradient elementor-widget elementor-widget-posts\" data-id=\"259fed6\" data-element_type=\"widget\" data-e-type=\"widget\" data-settings=\"{&quot;cards_columns&quot;:&quot;2&quot;,&quot;cards_masonry&quot;:&quot;yes&quot;,&quot;cards_row_gap&quot;:{&quot;unit&quot;:&quot;px&quot;,&quot;size&quot;:12,&quot;sizes&quot;:[]},&quot;cards_columns_tablet&quot;:&quot;2&quot;,&quot;cards_columns_mobile&quot;:&quot;1&quot;,&quot;cards_row_gap_tablet&quot;:{&quot;unit&quot;:&quot;px&quot;,&quot;size&quot;:&quot;&quot;,&quot;sizes&quot;:[]},&quot;cards_row_gap_mobile&quot;:{&quot;unit&quot;:&quot;px&quot;,&quot;size&quot;:&quot;&quot;,&quot;sizes&quot;:[]}}\" data-widget_type=\"posts.cards\">\n\t\t\t\t<div class=\"elementor-widget-container\">\n\t\t\t\t\t\t\t<div class=\"elementor-posts-container elementor-posts elementor-posts--skin-cards elementor-grid\" role=\"list\">\n\t\t\t\t<article class=\"elementor-post elementor-grid-item post-13816 post type-post status-publish format-standard has-post-thumbnail hentry category-iles-fr-2 tag-iles-fr tag-maio-fr-4\" role=\"listitem\">\n\t\t\t<div class=\"elementor-post__card\">\n\t\t\t\t<a class=\"elementor-post__thumbnail__link\" href=\"https:\/\/cabo-verde.cv\/fr\/les-charmes-caches-de-lile-de-maio\/\" tabindex=\"-1\" ><div class=\"elementor-post__thumbnail\"><img decoding=\"async\" width=\"520\" height=\"397\" src=\"https:\/\/cabo-verde.cv\/wp-content\/uploads\/2024\/04\/cabo-verde-ilha-do-maio-activities-520x397.jpg\" class=\"attachment-listeo-listing-grid size-listeo-listing-grid wp-image-10579\" alt=\"Ilha do Maio Activities\" \/><\/div><\/a>\n\t\t\t\t<div class=\"elementor-post__text\">\n\t\t\t\t<h3 class=\"elementor-post__title\">\n\t\t\t<a href=\"https:\/\/cabo-verde.cv\/fr\/les-charmes-caches-de-lile-de-maio\/\" >\n\t\t\t\tLes charmes cach\u00e9s de l\u2019\u00eele de Maio\t\t\t<\/a>\n\t\t<\/h3>\n\t\t\t\t<\/div>\n\t\t\t\t\t<\/div>\n\t\t<\/article>\n\t\t\t\t<article class=\"elementor-post elementor-grid-item post-13876 post type-post status-publish format-standard has-post-thumbnail hentry category-culture-fr-3 tag-pirates-fr-2 tag-vieille-ville-fr\" role=\"listitem\">\n\t\t\t<div class=\"elementor-post__card\">\n\t\t\t\t<a class=\"elementor-post__thumbnail__link\" href=\"https:\/\/cabo-verde.cv\/fr\/le-sombre-passe-des-pirates-et-des-esclaves-dans-la-vieille-ville\/\" tabindex=\"-1\" ><div class=\"elementor-post__thumbnail\"><img decoding=\"async\" width=\"520\" height=\"397\" src=\"https:\/\/cabo-verde.cv\/wp-content\/uploads\/2024\/07\/pexels-mateusz-dach-99805-3660228-2-520x397.jpg\" class=\"attachment-listeo-listing-grid size-listeo-listing-grid wp-image-10750\" alt=\"Piratas in Cabo Verde\" \/><\/div><\/a>\n\t\t\t\t<div class=\"elementor-post__text\">\n\t\t\t\t<h3 class=\"elementor-post__title\">\n\t\t\t<a href=\"https:\/\/cabo-verde.cv\/fr\/le-sombre-passe-des-pirates-et-des-esclaves-dans-la-vieille-ville\/\" >\n\t\t\t\tLe sombre pass\u00e9 des pirates et des esclaves dans la vieille ville\t\t\t<\/a>\n\t\t<\/h3>\n\t\t\t\t<\/div>\n\t\t\t\t\t<\/div>\n\t\t<\/article>\n\t\t\t\t<article class=\"elementor-post elementor-grid-item post-13880 post type-post status-publish format-standard has-post-thumbnail hentry category-culture-fr-3 tag-cuscuz-fr-2 tag-leiteemel-fr-3 tag-pratoterraterra-fr-3\" role=\"listitem\">\n\t\t\t<div class=\"elementor-post__card\">\n\t\t\t\t<a class=\"elementor-post__thumbnail__link\" href=\"https:\/\/cabo-verde.cv\/fr\/le-couscous-un-plat-qui-se-deguste-a-tout-moment\/\" tabindex=\"-1\" ><div class=\"elementor-post__thumbnail\"><img loading=\"lazy\" decoding=\"async\" width=\"520\" height=\"397\" src=\"https:\/\/cabo-verde.cv\/wp-content\/uploads\/2024\/06\/k-520x397.jpg\" class=\"attachment-listeo-listing-grid size-listeo-listing-grid wp-image-10744\" alt=\"\" \/><\/div><\/a>\n\t\t\t\t<div class=\"elementor-post__text\">\n\t\t\t\t<h3 class=\"elementor-post__title\">\n\t\t\t<a href=\"https:\/\/cabo-verde.cv\/fr\/le-couscous-un-plat-qui-se-deguste-a-tout-moment\/\" >\n\t\t\t\tLe couscous : un plat qui se d\u00e9guste \u00e0 tout moment\t\t\t<\/a>\n\t\t<\/h3>\n\t\t\t\t<\/div>\n\t\t\t\t\t<\/div>\n\t\t<\/article>\n\t\t\t\t<article class=\"elementor-post elementor-grid-item post-13886 post type-post status-publish format-standard has-post-thumbnail hentry category-la-technologie tag-caboverdedigital-fr-3 tag-programabolsacvdigital-fr-3\" role=\"listitem\">\n\t\t\t<div class=\"elementor-post__card\">\n\t\t\t\t<a class=\"elementor-post__thumbnail__link\" href=\"https:\/\/cabo-verde.cv\/fr\/cabo-verde-digital-une-histoire-a-succes\/\" tabindex=\"-1\" ><div class=\"elementor-post__thumbnail\"><img loading=\"lazy\" decoding=\"async\" width=\"520\" height=\"397\" src=\"https:\/\/cabo-verde.cv\/wp-content\/uploads\/2024\/06\/356195716_753756320083616_5766094466574549325_n-520x397.jpg\" class=\"attachment-listeo-listing-grid size-listeo-listing-grid wp-image-10729\" alt=\"\" \/><\/div><\/a>\n\t\t\t\t<div class=\"elementor-post__text\">\n\t\t\t\t<h3 class=\"elementor-post__title\">\n\t\t\t<a href=\"https:\/\/cabo-verde.cv\/fr\/cabo-verde-digital-une-histoire-a-succes\/\" >\n\t\t\t\tCabo Verde Digital : \u00ab\u00a0Une histoire \u00e0 succ\u00e8s\t\t\t<\/a>\n\t\t<\/h3>\n\t\t\t\t<\/div>\n\t\t\t\t\t<\/div>\n\t\t<\/article>\n\t\t\t\t<\/div>\n\t\t\n\t\t\t\t\t\t<\/div>\n\t\t\t\t<\/div>\n\t\t\t\t\t<\/div>\n\t\t<\/div>\n\t\t\t\t\t<\/div>\n\t\t<\/section>\n\t\t\t\t<section class=\"elementor-section elementor-top-section elementor-element elementor-element-49aa458f elementor-section-boxed elementor-section-height-default elementor-section-height-default\" data-id=\"49aa458f\" data-element_type=\"section\" data-e-type=\"section\" data-settings=\"{&quot;background_background&quot;:&quot;classic&quot;}\">\n\t\t\t\t\t\t<div class=\"elementor-container elementor-column-gap-default\">\n\t\t\t\t\t<div class=\"elementor-column elementor-col-100 elementor-top-column elementor-element elementor-element-119bac54 dark-light\" data-id=\"119bac54\" data-element_type=\"column\" data-e-type=\"column\" data-settings=\"{&quot;background_background&quot;:&quot;classic&quot;}\">\n\t\t\t<div class=\"elementor-widget-wrap elementor-element-populated\">\n\t\t\t\t\t\t<div class=\"elementor-element elementor-element-94e05b0 elementor-widget elementor-widget-heading\" data-id=\"94e05b0\" data-element_type=\"widget\" data-e-type=\"widget\" data-widget_type=\"heading.default\">\n\t\t\t\t<div class=\"elementor-widget-container\">\n\t\t\t\t\t<h2 class=\"elementor-heading-title elementor-size-default\">Viajemm<\/h2>\t\t\t\t<\/div>\n\t\t\t\t<\/div>\n\t\t\t\t<div class=\"elementor-element elementor-element-9165a8e elementor-widget-divider--view-line elementor-widget elementor-widget-divider\" data-id=\"9165a8e\" data-element_type=\"widget\" data-e-type=\"widget\" data-widget_type=\"divider.default\">\n\t\t\t\t<div class=\"elementor-widget-container\">\n\t\t\t\t\t\t\t<div class=\"elementor-divider\">\n\t\t\t<span class=\"elementor-divider-separator\">\n\t\t\t\t\t\t<\/span>\n\t\t<\/div>\n\t\t\t\t\t\t<\/div>\n\t\t\t\t<\/div>\n\t\t\t\t<div class=\"elementor-element elementor-element-290ed99 elementor-grid-3 elementor-grid-tablet-2 elementor-grid-mobile-1 elementor-posts--thumbnail-top elementor-card-shadow-yes elementor-posts__hover-gradient elementor-widget elementor-widget-posts\" data-id=\"290ed99\" data-element_type=\"widget\" data-e-type=\"widget\" data-settings=\"{&quot;cards_masonry&quot;:&quot;yes&quot;,&quot;cards_columns&quot;:&quot;3&quot;,&quot;cards_columns_tablet&quot;:&quot;2&quot;,&quot;cards_columns_mobile&quot;:&quot;1&quot;,&quot;cards_row_gap&quot;:{&quot;unit&quot;:&quot;px&quot;,&quot;size&quot;:35,&quot;sizes&quot;:[]},&quot;cards_row_gap_tablet&quot;:{&quot;unit&quot;:&quot;px&quot;,&quot;size&quot;:&quot;&quot;,&quot;sizes&quot;:[]},&quot;cards_row_gap_mobile&quot;:{&quot;unit&quot;:&quot;px&quot;,&quot;size&quot;:&quot;&quot;,&quot;sizes&quot;:[]}}\" data-widget_type=\"posts.cards\">\n\t\t\t\t<div class=\"elementor-widget-container\">\n\t\t\t\t\t\t\t<div class=\"elementor-posts-container elementor-posts elementor-posts--skin-cards elementor-grid\" role=\"list\">\n\t\t\t\t<article class=\"elementor-post elementor-grid-item post-13816 post type-post status-publish format-standard has-post-thumbnail hentry category-iles-fr-2 tag-iles-fr tag-maio-fr-4\" role=\"listitem\">\n\t\t\t<div class=\"elementor-post__card\">\n\t\t\t\t<a class=\"elementor-post__thumbnail__link\" href=\"https:\/\/cabo-verde.cv\/fr\/les-charmes-caches-de-lile-de-maio\/\" tabindex=\"-1\" ><div class=\"elementor-post__thumbnail\"><img decoding=\"async\" width=\"520\" height=\"397\" src=\"https:\/\/cabo-verde.cv\/wp-content\/uploads\/2024\/04\/cabo-verde-ilha-do-maio-activities-520x397.jpg\" class=\"attachment-listeo-listing-grid size-listeo-listing-grid wp-image-10579\" alt=\"Ilha do Maio Activities\" \/><\/div><\/a>\n\t\t\t\t<div class=\"elementor-post__text\">\n\t\t\t\t<h3 class=\"elementor-post__title\">\n\t\t\t<a href=\"https:\/\/cabo-verde.cv\/fr\/les-charmes-caches-de-lile-de-maio\/\" >\n\t\t\t\tLes charmes cach\u00e9s de l\u2019\u00eele de Maio\t\t\t<\/a>\n\t\t<\/h3>\n\t\t\t\t<div class=\"elementor-post__excerpt\">\n\t\t\t<p>D\u00e9couvrez les charmes cach\u00e9s de l\u2019\u00eele de Maio, au Cap-Vert !<\/p>\n\t\t<\/div>\n\t\t\t\t<\/div>\n\t\t\t\t<div class=\"elementor-post__meta-data\">\n\t\t\t\t\t<span class=\"elementor-post-date\">\n\t\t\t26 juillet 2024\t\t<\/span>\n\t\t\t\t<span class=\"elementor-post-avatar\">\n\t\t\tAucun commentaire\t\t<\/span>\n\t\t\t\t<\/div>\n\t\t\t\t\t<\/div>\n\t\t<\/article>\n\t\t\t\t<article class=\"elementor-post elementor-grid-item post-13876 post type-post status-publish format-standard has-post-thumbnail hentry category-culture-fr-3 tag-pirates-fr-2 tag-vieille-ville-fr\" role=\"listitem\">\n\t\t\t<div class=\"elementor-post__card\">\n\t\t\t\t<a class=\"elementor-post__thumbnail__link\" href=\"https:\/\/cabo-verde.cv\/fr\/le-sombre-passe-des-pirates-et-des-esclaves-dans-la-vieille-ville\/\" tabindex=\"-1\" ><div class=\"elementor-post__thumbnail\"><img decoding=\"async\" width=\"520\" height=\"397\" src=\"https:\/\/cabo-verde.cv\/wp-content\/uploads\/2024\/07\/pexels-mateusz-dach-99805-3660228-2-520x397.jpg\" class=\"attachment-listeo-listing-grid size-listeo-listing-grid wp-image-10750\" alt=\"Piratas in Cabo Verde\" \/><\/div><\/a>\n\t\t\t\t<div class=\"elementor-post__text\">\n\t\t\t\t<h3 class=\"elementor-post__title\">\n\t\t\t<a href=\"https:\/\/cabo-verde.cv\/fr\/le-sombre-passe-des-pirates-et-des-esclaves-dans-la-vieille-ville\/\" >\n\t\t\t\tLe sombre pass\u00e9 des pirates et des esclaves dans la vieille ville\t\t\t<\/a>\n\t\t<\/h3>\n\t\t\t\t<div class=\"elementor-post__excerpt\">\n\t\t\t<p>D\u00e9couvrir le sombre h\u00e9ritage des pirates et des esclaves dans la vieille ville.<\/p>\n\t\t<\/div>\n\t\t\t\t<\/div>\n\t\t\t\t<div class=\"elementor-post__meta-data\">\n\t\t\t\t\t<span class=\"elementor-post-date\">\n\t\t\t3 juillet 2024\t\t<\/span>\n\t\t\t\t<span class=\"elementor-post-avatar\">\n\t\t\tAucun commentaire\t\t<\/span>\n\t\t\t\t<\/div>\n\t\t\t\t\t<\/div>\n\t\t<\/article>\n\t\t\t\t<article class=\"elementor-post elementor-grid-item post-13880 post type-post status-publish format-standard has-post-thumbnail hentry category-culture-fr-3 tag-cuscuz-fr-2 tag-leiteemel-fr-3 tag-pratoterraterra-fr-3\" role=\"listitem\">\n\t\t\t<div class=\"elementor-post__card\">\n\t\t\t\t<a class=\"elementor-post__thumbnail__link\" href=\"https:\/\/cabo-verde.cv\/fr\/le-couscous-un-plat-qui-se-deguste-a-tout-moment\/\" tabindex=\"-1\" ><div class=\"elementor-post__thumbnail\"><img loading=\"lazy\" decoding=\"async\" width=\"520\" height=\"397\" src=\"https:\/\/cabo-verde.cv\/wp-content\/uploads\/2024\/06\/k-520x397.jpg\" class=\"attachment-listeo-listing-grid size-listeo-listing-grid wp-image-10744\" alt=\"\" \/><\/div><\/a>\n\t\t\t\t<div class=\"elementor-post__text\">\n\t\t\t\t<h3 class=\"elementor-post__title\">\n\t\t\t<a href=\"https:\/\/cabo-verde.cv\/fr\/le-couscous-un-plat-qui-se-deguste-a-tout-moment\/\" >\n\t\t\t\tLe couscous : un plat qui se d\u00e9guste \u00e0 tout moment\t\t\t<\/a>\n\t\t<\/h3>\n\t\t\t\t<div class=\"elementor-post__excerpt\">\n\t\t\t<p>Le couscous : un plat polyvalent qui ravit le palais \u00e0 tout moment.<\/p>\n\t\t<\/div>\n\t\t\t\t<\/div>\n\t\t\t\t<div class=\"elementor-post__meta-data\">\n\t\t\t\t\t<span class=\"elementor-post-date\">\n\t\t\t21 juin 2024\t\t<\/span>\n\t\t\t\t<span class=\"elementor-post-avatar\">\n\t\t\tAucun commentaire\t\t<\/span>\n\t\t\t\t<\/div>\n\t\t\t\t\t<\/div>\n\t\t<\/article>\n\t\t\t\t<article class=\"elementor-post elementor-grid-item post-13886 post type-post status-publish format-standard has-post-thumbnail hentry category-la-technologie tag-caboverdedigital-fr-3 tag-programabolsacvdigital-fr-3\" role=\"listitem\">\n\t\t\t<div class=\"elementor-post__card\">\n\t\t\t\t<a class=\"elementor-post__thumbnail__link\" href=\"https:\/\/cabo-verde.cv\/fr\/cabo-verde-digital-une-histoire-a-succes\/\" tabindex=\"-1\" ><div class=\"elementor-post__thumbnail\"><img loading=\"lazy\" decoding=\"async\" width=\"520\" height=\"397\" src=\"https:\/\/cabo-verde.cv\/wp-content\/uploads\/2024\/06\/356195716_753756320083616_5766094466574549325_n-520x397.jpg\" class=\"attachment-listeo-listing-grid size-listeo-listing-grid wp-image-10729\" alt=\"\" \/><\/div><\/a>\n\t\t\t\t<div class=\"elementor-post__text\">\n\t\t\t\t<h3 class=\"elementor-post__title\">\n\t\t\t<a href=\"https:\/\/cabo-verde.cv\/fr\/cabo-verde-digital-une-histoire-a-succes\/\" >\n\t\t\t\tCabo Verde Digital : \u00ab\u00a0Une histoire \u00e0 succ\u00e8s\t\t\t<\/a>\n\t\t<\/h3>\n\t\t\t\t<div class=\"elementor-post__excerpt\">\n\t\t\t<p>Cap-Vert num\u00e9rique : La transformation technologique dans un archipel prosp\u00e8re.<\/p>\n\t\t<\/div>\n\t\t\t\t<\/div>\n\t\t\t\t<div class=\"elementor-post__meta-data\">\n\t\t\t\t\t<span class=\"elementor-post-date\">\n\t\t\t19 juin 2024\t\t<\/span>\n\t\t\t\t<span class=\"elementor-post-avatar\">\n\t\t\tAucun commentaire\t\t<\/span>\n\t\t\t\t<\/div>\n\t\t\t\t\t<\/div>\n\t\t<\/article>\n\t\t\t\t<article class=\"elementor-post elementor-grid-item post-13888 post type-post status-publish format-standard has-post-thumbnail hentry tag-educacaofinanceira-fr-3\" role=\"listitem\">\n\t\t\t<div class=\"elementor-post__card\">\n\t\t\t\t<a class=\"elementor-post__thumbnail__link\" href=\"https:\/\/cabo-verde.cv\/fr\/education-financiere-entre-desir-immediat-et-depenses-intelligentes\/\" tabindex=\"-1\" ><div class=\"elementor-post__thumbnail\"><img loading=\"lazy\" decoding=\"async\" width=\"520\" height=\"397\" src=\"https:\/\/cabo-verde.cv\/wp-content\/uploads\/2024\/06\/228450998_BillionPhotos.com_sparen_bei_scheidung-520x397.jpg\" class=\"attachment-listeo-listing-grid size-listeo-listing-grid wp-image-10723\" alt=\"\" \/><\/div><\/a>\n\t\t\t\t<div class=\"elementor-post__text\">\n\t\t\t\t<h3 class=\"elementor-post__title\">\n\t\t\t<a href=\"https:\/\/cabo-verde.cv\/fr\/education-financiere-entre-desir-immediat-et-depenses-intelligentes\/\" >\n\t\t\t\t\u00c9ducation financi\u00e8re : Entre d\u00e9sir imm\u00e9diat et d\u00e9penses intelligentes\t\t\t<\/a>\n\t\t<\/h3>\n\t\t\t\t<div class=\"elementor-post__excerpt\">\n\t\t\t<p>\u00c9quilibrer les d\u00e9sirs impulsifs et les d\u00e9penses intelligentes dans l\u2019\u00e9ducation financi\u00e8re.<\/p>\n\t\t<\/div>\n\t\t\t\t<\/div>\n\t\t\t\t<div class=\"elementor-post__meta-data\">\n\t\t\t\t\t<span class=\"elementor-post-date\">\n\t\t\t18 juin 2024\t\t<\/span>\n\t\t\t\t<span class=\"elementor-post-avatar\">\n\t\t\tAucun commentaire\t\t<\/span>\n\t\t\t\t<\/div>\n\t\t\t\t\t<\/div>\n\t\t<\/article>\n\t\t\t\t<article class=\"elementor-post elementor-grid-item post-13890 post type-post status-publish format-standard has-post-thumbnail hentry category-culture-fr-3 tag-criancaafricana-fr-3\" role=\"listitem\">\n\t\t\t<div class=\"elementor-post__card\">\n\t\t\t\t<a class=\"elementor-post__thumbnail__link\" href=\"https:\/\/cabo-verde.cv\/fr\/enfants-africains-la-realite-cap-verdienne\/\" tabindex=\"-1\" ><div class=\"elementor-post__thumbnail\"><img loading=\"lazy\" decoding=\"async\" width=\"520\" height=\"397\" src=\"https:\/\/cabo-verde.cv\/wp-content\/uploads\/2024\/06\/nbaplxte-520x397.png\" class=\"attachment-listeo-listing-grid size-listeo-listing-grid wp-image-10720\" alt=\"\" \/><\/div><\/a>\n\t\t\t\t<div class=\"elementor-post__text\">\n\t\t\t\t<h3 class=\"elementor-post__title\">\n\t\t\t<a href=\"https:\/\/cabo-verde.cv\/fr\/enfants-africains-la-realite-cap-verdienne\/\" >\n\t\t\t\tEnfants africains : La r\u00e9alit\u00e9 cap-verdienne\t\t\t<\/a>\n\t\t<\/h3>\n\t\t\t\t<div class=\"elementor-post__excerpt\">\n\t\t\t<p>Exploration de la dure r\u00e9alit\u00e9 de l\u2019enfance au Cap-Vert.<\/p>\n\t\t<\/div>\n\t\t\t\t<\/div>\n\t\t\t\t<div class=\"elementor-post__meta-data\">\n\t\t\t\t\t<span class=\"elementor-post-date\">\n\t\t\t14 juin 2024\t\t<\/span>\n\t\t\t\t<span class=\"elementor-post-avatar\">\n\t\t\tAucun commentaire\t\t<\/span>\n\t\t\t\t<\/div>\n\t\t\t\t\t<\/div>\n\t\t<\/article>\n\t\t\t\t<\/div>\n\t\t\n\t\t\t\t\t\t<\/div>\n\t\t\t\t<\/div>\n\t\t\t\t\t<\/div>\n\t\t<\/div>\n\t\t\t\t\t<\/div>\n\t\t<\/section>\n\t\t\t\t<section class=\"elementor-section elementor-top-section elementor-element elementor-element-2c157886 elementor-section-boxed elementor-section-height-default elementor-section-height-default\" data-id=\"2c157886\" data-element_type=\"section\" data-e-type=\"section\" data-settings=\"{&quot;background_background&quot;:&quot;classic&quot;}\">\n\t\t\t\t\t\t<div class=\"elementor-container elementor-column-gap-default\">\n\t\t\t\t\t<div class=\"elementor-column elementor-col-100 elementor-top-column elementor-element elementor-element-347cd5d4\" data-id=\"347cd5d4\" data-element_type=\"column\" data-e-type=\"column\">\n\t\t\t<div class=\"elementor-widget-wrap\">\n\t\t\t\t\t\t\t<\/div>\n\t\t<\/div>\n\t\t\t\t\t<\/div>\n\t\t<\/section>\n\t\t\t\t<section class=\"elementor-section elementor-top-section elementor-element elementor-element-11b7464c elementor-section-boxed elementor-section-height-default elementor-section-height-default\" data-id=\"11b7464c\" data-element_type=\"section\" data-e-type=\"section\" data-settings=\"{&quot;background_background&quot;:&quot;classic&quot;}\">\n\t\t\t\t\t\t<div class=\"elementor-container elementor-column-gap-default\">\n\t\t\t\t\t<div class=\"elementor-column elementor-col-100 elementor-top-column elementor-element elementor-element-2b52bca7\" data-id=\"2b52bca7\" data-element_type=\"column\" data-e-type=\"column\">\n\t\t\t<div class=\"elementor-widget-wrap\">\n\t\t\t\t\t\t\t<\/div>\n\t\t<\/div>\n\t\t\t\t\t<\/div>\n\t\t<\/section>\n\t\t\t\t<\/div>\n\t\t","protected":false},"excerpt":{"rendered":"<p>Viajemm<\/p>\n","protected":false},"author":1,"featured_media":0,"parent":0,"menu_order":0,"comment_status":"closed","ping_status":"closed","template":"elementor_header_footer","meta":{"footnotes":""},"class_list":["post-13473","page","type-page","status-publish","hentry"],"_links":{"self":[{"href":"https:\/\/cabo-verde.cv\/fr\/wp-json\/wp\/v2\/pages\/13473","targetHints":{"allow":["GET"]}}],"collection":[{"href":"https:\/\/cabo-verde.cv\/fr\/wp-json\/wp\/v2\/pages"}],"about":[{"href":"https:\/\/cabo-verde.cv\/fr\/wp-json\/wp\/v2\/types\/page"}],"author":[{"embeddable":true,"href":"https:\/\/cabo-verde.cv\/fr\/wp-json\/wp\/v2\/users\/1"}],"replies":[{"embeddable":true,"href":"https:\/\/cabo-verde.cv\/fr\/wp-json\/wp\/v2\/comments?post=13473"}],"version-history":[{"count":1,"href":"https:\/\/cabo-verde.cv\/fr\/wp-json\/wp\/v2\/pages\/13473\/revisions"}],"predecessor-version":[{"id":13474,"href":"https:\/\/cabo-verde.cv\/fr\/wp-json\/wp\/v2\/pages\/13473\/revisions\/13474"}],"wp:attachment":[{"href":"https:\/\/cabo-verde.cv\/fr\/wp-json\/wp\/v2\/media?parent=13473"}],"curies":[{"name":"wp","href":"https:\/\/api.w.org\/{rel}","templated":true}]}}