{"id":13369,"date":"2024-01-14T21:59:10","date_gmt":"2024-01-14T21:59:10","guid":{"rendered":"https:\/\/cabo-verde.cv\/travailler-a-distance\/"},"modified":"2025-08-02T06:48:54","modified_gmt":"2025-08-02T06:48:54","slug":"travailler-a-distance","status":"publish","type":"page","link":"https:\/\/cabo-verde.cv\/fr\/travailler-a-distance\/","title":{"rendered":"Travailler \u00e0 distance"},"content":{"rendered":"\t\t<div data-elementor-type=\"wp-page\" data-elementor-id=\"13369\" class=\"elementor elementor-13369 elementor-1547\" data-elementor-post-type=\"page\">\n\t\t\t\t<div class=\"elementor-element elementor-element-fc1f385 e-flex e-con-boxed e-con e-parent\" data-id=\"fc1f385\" data-element_type=\"container\" data-e-type=\"container\">\n\t\t\t\t\t<div class=\"e-con-inner\">\n\t\t\t\t<div class=\"elementor-element elementor-element-3cbc298 elementor-widget elementor-widget-text-editor\" data-id=\"3cbc298\" data-element_type=\"widget\" data-e-type=\"widget\" data-widget_type=\"text-editor.default\">\n\t\t\t\t<div class=\"elementor-widget-container\">\n\t\t\t\t\t\t\t\t\t<div><div><div><div><div><span style=\"color: var( --e-global-color-text ); font-family: var( --e-global-typography-text-font-family ), Sans-serif; font-weight: var( --e-global-typography-text-font-weight ); text-align: var(--text-align);\">Si vous \u00eates un nomade num\u00e9rique d\u00e9sireux de s\u2019installer sur une \u00eele tropicale paradisiaque, vous pourriez \u00eatre int\u00e9ress\u00e9 par une demande de visa de nomade num\u00e9rique pour le Cap-Vert. Le Cap-Vert est un archipel de l\u2019oc\u00e9an Atlantique o\u00f9 se m\u00ealent les cultures portugaise et africaine. Le pays b\u00e9n\u00e9ficie d\u2019un climat tropical chaud, de plages magnifiques et d\u2019\u00eeles volcaniques, ce qui en fait une destination id\u00e9ale pour les nomades num\u00e9riques d\u00e9sireux de vivre dans une \u00eele paradisiaque.  <br><\/span><br>Lanc\u00e9 en d\u00e9cembre 2020, le visa de nomade num\u00e9rique du Cap-Vert a \u00e9t\u00e9 l\u2019un des tout premiers programmes de visa disponibles pour les travailleurs \u00e0 distance du monde entier.<br><br>Le visa de nomade num\u00e9rique, qui sert de permis de s\u00e9jour temporaire, permet aux nomades num\u00e9riques de vivre dans le pays pendant six mois tout en travaillant \u00e0 distance. Les nomades num\u00e9riques qui souhaitent rester plus longtemps auront la possibilit\u00e9 de prolonger leur s\u00e9jour \u00e0 l\u2019issue des six mois de validit\u00e9. <br><br><br><br><\/div><\/div><\/div><\/div><\/div>\t\t\t\t\t\t\t\t<\/div>\n\t\t\t\t<\/div>\n\t\t\t\t\t<\/div>\n\t\t\t\t<\/div>\n\t\t<div class=\"elementor-element elementor-element-c2053bb e-flex e-con-boxed e-con e-parent\" data-id=\"c2053bb\" data-element_type=\"container\" data-e-type=\"container\">\n\t\t\t\t\t<div class=\"e-con-inner\">\n\t\t<div class=\"elementor-element elementor-element-901f525 e-con-full e-flex e-con e-child\" data-id=\"901f525\" data-element_type=\"container\" data-e-type=\"container\">\n\t\t\t\t<\/div>\n\t\t<div class=\"elementor-element elementor-element-4e4e423 e-con-full e-flex e-con e-child\" data-id=\"4e4e423\" data-element_type=\"container\" data-e-type=\"container\">\n\t\t\t\t<\/div>\n\t\t\t\t<div class=\"elementor-element elementor-element-d77f101 elementor-grid-3 elementor-grid-tablet-2 elementor-grid-mobile-1 elementor-posts--thumbnail-top elementor-widget elementor-widget-posts\" data-id=\"d77f101\" data-element_type=\"widget\" data-e-type=\"widget\" data-settings=\"{&quot;classic_columns&quot;:&quot;3&quot;,&quot;classic_columns_tablet&quot;:&quot;2&quot;,&quot;classic_columns_mobile&quot;:&quot;1&quot;,&quot;classic_row_gap&quot;:{&quot;unit&quot;:&quot;px&quot;,&quot;size&quot;:35,&quot;sizes&quot;:[]},&quot;classic_row_gap_tablet&quot;:{&quot;unit&quot;:&quot;px&quot;,&quot;size&quot;:&quot;&quot;,&quot;sizes&quot;:[]},&quot;classic_row_gap_mobile&quot;:{&quot;unit&quot;:&quot;px&quot;,&quot;size&quot;:&quot;&quot;,&quot;sizes&quot;:[]}}\" data-widget_type=\"posts.classic\">\n\t\t\t\t<div class=\"elementor-widget-container\">\n\t\t\t\t\t\t\t<div class=\"elementor-posts-container elementor-posts elementor-posts--skin-classic elementor-grid\" role=\"list\">\n\t\t\t\t<article class=\"elementor-post elementor-grid-item post-13816 post type-post status-publish format-standard has-post-thumbnail hentry category-iles-fr-2 tag-iles-fr tag-maio-fr-4\" role=\"listitem\">\n\t\t\t\t<a class=\"elementor-post__thumbnail__link\" href=\"https:\/\/cabo-verde.cv\/fr\/les-charmes-caches-de-lile-de-maio\/\" tabindex=\"-1\" >\n\t\t\t<div class=\"elementor-post__thumbnail\"><img fetchpriority=\"high\" decoding=\"async\" width=\"225\" height=\"300\" src=\"https:\/\/cabo-verde.cv\/wp-content\/uploads\/2024\/04\/cabo-verde-ilha-do-maio-activities-225x300.jpg\" class=\"attachment-medium size-medium wp-image-10579\" alt=\"Ilha do Maio Activities\" srcset=\"https:\/\/cabo-verde.cv\/wp-content\/uploads\/2024\/04\/cabo-verde-ilha-do-maio-activities-225x300.jpg 225w, https:\/\/cabo-verde.cv\/wp-content\/uploads\/2024\/04\/cabo-verde-ilha-do-maio-activities-768x1024.jpg 768w, https:\/\/cabo-verde.cv\/wp-content\/uploads\/2024\/04\/cabo-verde-ilha-do-maio-activities-1152x1536.jpg 1152w, https:\/\/cabo-verde.cv\/wp-content\/uploads\/2024\/04\/cabo-verde-ilha-do-maio-activities-1536x2048.jpg 1536w, https:\/\/cabo-verde.cv\/wp-content\/uploads\/2024\/04\/cabo-verde-ilha-do-maio-activities-443x590.jpg 443w, https:\/\/cabo-verde.cv\/wp-content\/uploads\/2024\/04\/cabo-verde-ilha-do-maio-activities-503x670.jpg 503w, https:\/\/cabo-verde.cv\/wp-content\/uploads\/2024\/04\/cabo-verde-ilha-do-maio-activities-577x769.jpg 577w, https:\/\/cabo-verde.cv\/wp-content\/uploads\/2024\/04\/cabo-verde-ilha-do-maio-activities-1200x1600.jpg 1200w, https:\/\/cabo-verde.cv\/wp-content\/uploads\/2024\/04\/cabo-verde-ilha-do-maio-activities-600x800.jpg 600w, https:\/\/cabo-verde.cv\/wp-content\/uploads\/2024\/04\/cabo-verde-ilha-do-maio-activities-scaled.jpg 1920w\" sizes=\"(max-width: 225px) 100vw, 225px\" \/><\/div>\n\t\t<\/a>\n\t\t\t\t<div class=\"elementor-post__text\">\n\t\t\t\t<h3 class=\"elementor-post__title\">\n\t\t\t<a href=\"https:\/\/cabo-verde.cv\/fr\/les-charmes-caches-de-lile-de-maio\/\" >\n\t\t\t\tLes charmes cach\u00e9s de l\u2019\u00eele de Maio\t\t\t<\/a>\n\t\t<\/h3>\n\t\t\t\t<div class=\"elementor-post__meta-data\">\n\t\t\t\t\t<span class=\"elementor-post-date\">\n\t\t\t26 juillet 2024\t\t<\/span>\n\t\t\t\t<span class=\"elementor-post-avatar\">\n\t\t\tAucun commentaire\t\t<\/span>\n\t\t\t\t<\/div>\n\t\t\t\t<div class=\"elementor-post__excerpt\">\n\t\t\t<p>D\u00e9couvrez les charmes cach\u00e9s de l\u2019\u00eele de Maio, au Cap-Vert !<\/p>\n\t\t<\/div>\n\t\t\n\t\t<a class=\"elementor-post__read-more\" href=\"https:\/\/cabo-verde.cv\/fr\/les-charmes-caches-de-lile-de-maio\/\" aria-label=\"En savoir plus sur Les charmes cach\u00e9s de l\u2019\u00eele de Maio\" tabindex=\"-1\" >\n\t\t\tLire la suite \"\t\t<\/a>\n\n\t\t\t\t<\/div>\n\t\t\t\t<\/article>\n\t\t\t\t<article class=\"elementor-post elementor-grid-item post-13876 post type-post status-publish format-standard has-post-thumbnail hentry category-culture-fr-3 tag-pirates-fr-2 tag-vieille-ville-fr\" role=\"listitem\">\n\t\t\t\t<a class=\"elementor-post__thumbnail__link\" href=\"https:\/\/cabo-verde.cv\/fr\/le-sombre-passe-des-pirates-et-des-esclaves-dans-la-vieille-ville\/\" tabindex=\"-1\" >\n\t\t\t<div class=\"elementor-post__thumbnail\"><img decoding=\"async\" width=\"300\" height=\"200\" src=\"https:\/\/cabo-verde.cv\/wp-content\/uploads\/2024\/07\/pexels-mateusz-dach-99805-3660228-2-300x200.jpg\" class=\"attachment-medium size-medium wp-image-10750\" alt=\"Piratas in Cabo Verde\" srcset=\"https:\/\/cabo-verde.cv\/wp-content\/uploads\/2024\/07\/pexels-mateusz-dach-99805-3660228-2-300x200.jpg 300w, https:\/\/cabo-verde.cv\/wp-content\/uploads\/2024\/07\/pexels-mateusz-dach-99805-3660228-2-1024x683.jpg 1024w, https:\/\/cabo-verde.cv\/wp-content\/uploads\/2024\/07\/pexels-mateusz-dach-99805-3660228-2-768x512.jpg 768w, https:\/\/cabo-verde.cv\/wp-content\/uploads\/2024\/07\/pexels-mateusz-dach-99805-3660228-2-1536x1024.jpg 1536w, https:\/\/cabo-verde.cv\/wp-content\/uploads\/2024\/07\/pexels-mateusz-dach-99805-3660228-2-2048x1365.jpg 2048w, https:\/\/cabo-verde.cv\/wp-content\/uploads\/2024\/07\/pexels-mateusz-dach-99805-3660228-2-590x393.jpg 590w, https:\/\/cabo-verde.cv\/wp-content\/uploads\/2024\/07\/pexels-mateusz-dach-99805-3660228-2-1005x670.jpg 1005w, https:\/\/cabo-verde.cv\/wp-content\/uploads\/2024\/07\/pexels-mateusz-dach-99805-3660228-2-577x385.jpg 577w, https:\/\/cabo-verde.cv\/wp-content\/uploads\/2024\/07\/pexels-mateusz-dach-99805-3660228-2-1200x800.jpg 1200w, https:\/\/cabo-verde.cv\/wp-content\/uploads\/2024\/07\/pexels-mateusz-dach-99805-3660228-2-600x400.jpg 600w\" sizes=\"(max-width: 300px) 100vw, 300px\" \/><\/div>\n\t\t<\/a>\n\t\t\t\t<div class=\"elementor-post__text\">\n\t\t\t\t<h3 class=\"elementor-post__title\">\n\t\t\t<a href=\"https:\/\/cabo-verde.cv\/fr\/le-sombre-passe-des-pirates-et-des-esclaves-dans-la-vieille-ville\/\" >\n\t\t\t\tLe sombre pass\u00e9 des pirates et des esclaves dans la vieille ville\t\t\t<\/a>\n\t\t<\/h3>\n\t\t\t\t<div class=\"elementor-post__meta-data\">\n\t\t\t\t\t<span class=\"elementor-post-date\">\n\t\t\t3 juillet 2024\t\t<\/span>\n\t\t\t\t<span class=\"elementor-post-avatar\">\n\t\t\tAucun commentaire\t\t<\/span>\n\t\t\t\t<\/div>\n\t\t\t\t<div class=\"elementor-post__excerpt\">\n\t\t\t<p>D\u00e9couvrir le sombre h\u00e9ritage des pirates et des esclaves dans la vieille ville.<\/p>\n\t\t<\/div>\n\t\t\n\t\t<a class=\"elementor-post__read-more\" href=\"https:\/\/cabo-verde.cv\/fr\/le-sombre-passe-des-pirates-et-des-esclaves-dans-la-vieille-ville\/\" aria-label=\"En savoir plus sur Le sombre pass\u00e9 des pirates et des esclaves dans la vieille ville\" tabindex=\"-1\" >\n\t\t\tLire la suite \"\t\t<\/a>\n\n\t\t\t\t<\/div>\n\t\t\t\t<\/article>\n\t\t\t\t<article class=\"elementor-post elementor-grid-item post-13880 post type-post status-publish format-standard has-post-thumbnail hentry category-culture-fr-3 tag-cuscuz-fr-2 tag-leiteemel-fr-3 tag-pratoterraterra-fr-3\" role=\"listitem\">\n\t\t\t\t<a class=\"elementor-post__thumbnail__link\" href=\"https:\/\/cabo-verde.cv\/fr\/le-couscous-un-plat-qui-se-deguste-a-tout-moment\/\" tabindex=\"-1\" >\n\t\t\t<div class=\"elementor-post__thumbnail\"><img decoding=\"async\" width=\"200\" height=\"300\" src=\"https:\/\/cabo-verde.cv\/wp-content\/uploads\/2024\/06\/k-200x300.jpg\" class=\"attachment-medium size-medium wp-image-10744\" alt=\"\" srcset=\"https:\/\/cabo-verde.cv\/wp-content\/uploads\/2024\/06\/k-200x300.jpg 200w, https:\/\/cabo-verde.cv\/wp-content\/uploads\/2024\/06\/k-683x1024.jpg 683w, https:\/\/cabo-verde.cv\/wp-content\/uploads\/2024\/06\/k-393x590.jpg 393w, https:\/\/cabo-verde.cv\/wp-content\/uploads\/2024\/06\/k-447x670.jpg 447w, https:\/\/cabo-verde.cv\/wp-content\/uploads\/2024\/06\/k-577x866.jpg 577w, https:\/\/cabo-verde.cv\/wp-content\/uploads\/2024\/06\/k-600x900.jpg 600w, https:\/\/cabo-verde.cv\/wp-content\/uploads\/2024\/06\/k.jpg 750w\" sizes=\"(max-width: 200px) 100vw, 200px\" \/><\/div>\n\t\t<\/a>\n\t\t\t\t<div class=\"elementor-post__text\">\n\t\t\t\t<h3 class=\"elementor-post__title\">\n\t\t\t<a href=\"https:\/\/cabo-verde.cv\/fr\/le-couscous-un-plat-qui-se-deguste-a-tout-moment\/\" >\n\t\t\t\tLe couscous : un plat qui se d\u00e9guste \u00e0 tout moment\t\t\t<\/a>\n\t\t<\/h3>\n\t\t\t\t<div class=\"elementor-post__meta-data\">\n\t\t\t\t\t<span class=\"elementor-post-date\">\n\t\t\t21 juin 2024\t\t<\/span>\n\t\t\t\t<span class=\"elementor-post-avatar\">\n\t\t\tAucun commentaire\t\t<\/span>\n\t\t\t\t<\/div>\n\t\t\t\t<div class=\"elementor-post__excerpt\">\n\t\t\t<p>Le couscous : un plat polyvalent qui ravit le palais \u00e0 tout moment.<\/p>\n\t\t<\/div>\n\t\t\n\t\t<a class=\"elementor-post__read-more\" href=\"https:\/\/cabo-verde.cv\/fr\/le-couscous-un-plat-qui-se-deguste-a-tout-moment\/\" aria-label=\"En savoir plus sur Le couscous : un plat qui se d\u00e9guste \u00e0 tout moment\" tabindex=\"-1\" >\n\t\t\tLire la suite \"\t\t<\/a>\n\n\t\t\t\t<\/div>\n\t\t\t\t<\/article>\n\t\t\t\t<\/div>\n\t\t\n\t\t\t\t\t\t<\/div>\n\t\t\t\t<\/div>\n\t\t\t\t\t<\/div>\n\t\t\t\t<\/div>\n\t\t<div class=\"elementor-element elementor-element-4186d67 e-flex e-con-boxed e-con e-parent\" data-id=\"4186d67\" data-element_type=\"container\" data-e-type=\"container\">\n\t\t\t\t\t<div class=\"e-con-inner\">\n\t\t<div class=\"elementor-element elementor-element-b918a6c e-con-full e-flex e-con e-child\" data-id=\"b918a6c\" data-element_type=\"container\" data-e-type=\"container\">\n\t\t\t\t<\/div>\n\t\t<div class=\"elementor-element elementor-element-3023a79 e-con-full e-flex e-con e-child\" data-id=\"3023a79\" data-element_type=\"container\" data-e-type=\"container\">\n\t\t\t\t<\/div>\n\t\t\t\t\t<\/div>\n\t\t\t\t<\/div>\n\t\t<div class=\"elementor-element elementor-element-059081f e-flex e-con-boxed e-con e-parent\" data-id=\"059081f\" data-element_type=\"container\" data-e-type=\"container\">\n\t\t\t\t\t<div class=\"e-con-inner\">\n\t\t\t\t<div class=\"elementor-element elementor-element-7c5e40e elementor-pagination-type-bullets elementor-arrows-position-inside elementor-pagination-position-outside elementor-widget elementor-widget-loop-carousel\" data-id=\"7c5e40e\" data-element_type=\"widget\" data-e-type=\"widget\" data-settings=\"{&quot;template_id&quot;:15146,&quot;_skin&quot;:&quot;post&quot;,&quot;slides_to_show&quot;:&quot;3&quot;,&quot;slides_to_show_tablet&quot;:&quot;2&quot;,&quot;slides_to_show_mobile&quot;:&quot;1&quot;,&quot;slides_to_scroll&quot;:&quot;1&quot;,&quot;edit_handle_selector&quot;:&quot;.elementor-loop-container&quot;,&quot;autoplay&quot;:&quot;yes&quot;,&quot;autoplay_speed&quot;:5000,&quot;pause_on_hover&quot;:&quot;yes&quot;,&quot;pause_on_interaction&quot;:&quot;yes&quot;,&quot;infinite&quot;:&quot;yes&quot;,&quot;speed&quot;:500,&quot;offset_sides&quot;:&quot;none&quot;,&quot;arrows&quot;:&quot;yes&quot;,&quot;pagination&quot;:&quot;bullets&quot;,&quot;image_spacing_custom&quot;:{&quot;unit&quot;:&quot;px&quot;,&quot;size&quot;:10,&quot;sizes&quot;:[]},&quot;image_spacing_custom_tablet&quot;:{&quot;unit&quot;:&quot;px&quot;,&quot;size&quot;:&quot;&quot;,&quot;sizes&quot;:[]},&quot;image_spacing_custom_mobile&quot;:{&quot;unit&quot;:&quot;px&quot;,&quot;size&quot;:&quot;&quot;,&quot;sizes&quot;:[]}}\" data-widget_type=\"loop-carousel.post\">\n\t\t\t\t<div class=\"elementor-widget-container\">\n\t\t\t\t\t\t\t<div class=\"swiper elementor-loop-container elementor-grid\" role=\"list\" dir=\"ltr\">\n\t\t\t\t<div class=\"swiper-wrapper\" aria-live=\"off\">\n\t\t<style id=\"loop-15146\"><\/style>\t\t<\/div>\n\t\t<\/div>\n\t\t\t\t\t<div class=\"elementor-swiper-button elementor-swiper-button-prev\" role=\"button\" tabindex=\"0\" aria-label=\"Pr\u00e9c\u00e9dent\">\n\t\t\t\t<svg aria-hidden=\"true\" class=\"e-font-icon-svg e-eicon-chevron-left\" viewBox=\"0 0 1000 1000\" xmlns=\"http:\/\/www.w3.org\/2000\/svg\"><path d=\"M646 125C629 125 613 133 604 142L308 442C296 454 292 471 292 487 292 504 296 521 308 533L604 854C617 867 629 875 646 875 663 875 679 871 692 858 704 846 713 829 713 812 713 796 708 779 692 767L438 487 692 225C700 217 708 204 708 187 708 171 704 154 692 142 675 129 663 125 646 125Z\"><\/path><\/svg>\t\t\t<\/div>\n\t\t\t<div class=\"elementor-swiper-button elementor-swiper-button-next\" role=\"button\" tabindex=\"0\" aria-label=\"Suivant\">\n\t\t\t\t<svg aria-hidden=\"true\" class=\"e-font-icon-svg e-eicon-chevron-right\" viewBox=\"0 0 1000 1000\" xmlns=\"http:\/\/www.w3.org\/2000\/svg\"><path d=\"M696 533C708 521 713 504 713 487 713 471 708 454 696 446L400 146C388 133 375 125 354 125 338 125 325 129 313 142 300 154 292 171 292 187 292 204 296 221 308 233L563 492 304 771C292 783 288 800 288 817 288 833 296 850 308 863 321 871 338 875 354 875 371 875 388 867 400 854L696 533Z\"><\/path><\/svg>\t\t\t<\/div>\n\t\t\t\t\t<div class=\"swiper-pagination\"><\/div>\n\t\t\t\t\t\t<\/div>\n\t\t\t\t<\/div>\n\t\t\t\t\t<\/div>\n\t\t\t\t<\/div>\n\t\t<div class=\"elementor-element elementor-element-3ef1776 e-flex e-con-boxed e-con e-parent\" data-id=\"3ef1776\" data-element_type=\"container\" data-e-type=\"container\">\n\t\t\t\t\t<div class=\"e-con-inner\">\n\t\t\t\t<div class=\"elementor-element elementor-element-4318c69 elementor-grid-3 elementor-grid-tablet-2 elementor-grid-mobile-1 elementor-widget elementor-widget-loop-grid\" data-id=\"4318c69\" data-element_type=\"widget\" data-e-type=\"widget\" data-settings=\"{&quot;template_id&quot;:14551,&quot;_skin&quot;:&quot;post&quot;,&quot;columns&quot;:&quot;3&quot;,&quot;columns_tablet&quot;:&quot;2&quot;,&quot;columns_mobile&quot;:&quot;1&quot;,&quot;edit_handle_selector&quot;:&quot;[data-elementor-type=\\&quot;loop-item\\&quot;]&quot;,&quot;row_gap&quot;:{&quot;unit&quot;:&quot;px&quot;,&quot;size&quot;:&quot;&quot;,&quot;sizes&quot;:[]},&quot;row_gap_tablet&quot;:{&quot;unit&quot;:&quot;px&quot;,&quot;size&quot;:&quot;&quot;,&quot;sizes&quot;:[]},&quot;row_gap_mobile&quot;:{&quot;unit&quot;:&quot;px&quot;,&quot;size&quot;:&quot;&quot;,&quot;sizes&quot;:[]}}\" data-widget_type=\"loop-grid.post\">\n\t\t\t\t<div class=\"elementor-widget-container\">\n\t\t\t\t\t\t\t<div class=\"elementor-loop-container elementor-grid\" role=\"list\">\n\t\t<style id=\"loop-14551\"><\/style>\t\t<\/div>\n\t\t\n\t\t\t\t\t\t<\/div>\n\t\t\t\t<\/div>\n\t\t\t\t\t<\/div>\n\t\t\t\t<\/div>\n\t\t\t\t<\/div>\n\t\t","protected":false},"excerpt":{"rendered":"<p>Si vous \u00eates un nomade num\u00e9rique d\u00e9sireux de s\u2019installer sur une \u00eele tropicale paradisiaque, vous pourriez \u00eatre int\u00e9ress\u00e9 par une demande de visa de nomade num\u00e9rique pour le Cap-Vert. Le Cap-Vert est un archipel de l\u2019oc\u00e9an Atlantique o\u00f9 se m\u00ealent les cultures portugaise et africaine. Le pays b\u00e9n\u00e9ficie d\u2019un climat tropical chaud, de plages magnifiques [&hellip;]<\/p>\n","protected":false},"author":2,"featured_media":0,"parent":0,"menu_order":0,"comment_status":"closed","ping_status":"closed","template":"","meta":{"footnotes":""},"class_list":["post-13369","page","type-page","status-publish","hentry"],"_links":{"self":[{"href":"https:\/\/cabo-verde.cv\/fr\/wp-json\/wp\/v2\/pages\/13369","targetHints":{"allow":["GET"]}}],"collection":[{"href":"https:\/\/cabo-verde.cv\/fr\/wp-json\/wp\/v2\/pages"}],"about":[{"href":"https:\/\/cabo-verde.cv\/fr\/wp-json\/wp\/v2\/types\/page"}],"author":[{"embeddable":true,"href":"https:\/\/cabo-verde.cv\/fr\/wp-json\/wp\/v2\/users\/2"}],"replies":[{"embeddable":true,"href":"https:\/\/cabo-verde.cv\/fr\/wp-json\/wp\/v2\/comments?post=13369"}],"version-history":[{"count":1,"href":"https:\/\/cabo-verde.cv\/fr\/wp-json\/wp\/v2\/pages\/13369\/revisions"}],"predecessor-version":[{"id":13370,"href":"https:\/\/cabo-verde.cv\/fr\/wp-json\/wp\/v2\/pages\/13369\/revisions\/13370"}],"wp:attachment":[{"href":"https:\/\/cabo-verde.cv\/fr\/wp-json\/wp\/v2\/media?parent=13369"}],"curies":[{"name":"wp","href":"https:\/\/api.w.org\/{rel}","templated":true}]}}