{"id":15700,"date":"2023-12-21T21:17:54","date_gmt":"2023-12-21T21:17:54","guid":{"rendered":"https:\/\/cabo-verde.cv\/sobre-cabo-verde-plaza\/"},"modified":"2025-09-29T13:42:36","modified_gmt":"2025-09-29T13:42:36","slug":"sobre-cabo-verde-plaza","status":"publish","type":"page","link":"https:\/\/cabo-verde.cv\/es\/sobre-cabo-verde-plaza\/","title":{"rendered":"Sobre Cabo Verde Plaza"},"content":{"rendered":"\t\t<div data-elementor-type=\"wp-page\" data-elementor-id=\"15700\" class=\"elementor elementor-15700 elementor-1321\" data-elementor-post-type=\"page\">\n\t\t\t\t<div class=\"elementor-element elementor-element-61fe28ff e-flex e-con-boxed e-con e-parent\" data-id=\"61fe28ff\" data-element_type=\"container\" data-e-type=\"container\" data-settings=\"{&quot;background_background&quot;:&quot;gradient&quot;}\">\n\t\t\t\t\t<div class=\"e-con-inner\">\n\t\t\t\t<div class=\"elementor-element elementor-element-33ccbd76 animated-slow elementor-invisible elementor-widget elementor-widget-heading\" data-id=\"33ccbd76\" data-element_type=\"widget\" data-e-type=\"widget\" data-settings=\"{&quot;_animation&quot;:&quot;slideInUp&quot;}\" data-widget_type=\"heading.default\">\n\t\t\t\t<div class=\"elementor-widget-container\">\n\t\t\t\t\t<h2 class=\"elementor-heading-title elementor-size-default\">C\u00f3mo empez\u00f3 todo<\/h2>\t\t\t\t<\/div>\n\t\t\t\t<\/div>\n\t\t\t\t<div class=\"elementor-element elementor-element-1c84e74e animated-slow elementor-invisible elementor-widget elementor-widget-heading\" data-id=\"1c84e74e\" data-element_type=\"widget\" data-e-type=\"widget\" data-settings=\"{&quot;_animation&quot;:&quot;slideInUp&quot;}\" data-widget_type=\"heading.default\">\n\t\t\t\t<div class=\"elementor-widget-container\">\n\t\t\t\t\t<h2 class=\"elementor-heading-title elementor-size-default\">sobre nosotros<\/h2>\t\t\t\t<\/div>\n\t\t\t\t<\/div>\n\t\t<div class=\"elementor-element elementor-element-1a353451 e-con-full e-flex e-con e-child\" data-id=\"1a353451\" data-element_type=\"container\" data-e-type=\"container\">\n\t\t<div class=\"elementor-element elementor-element-5db28385 animated-slow e-con-full e-flex elementor-invisible e-con e-child\" data-id=\"5db28385\" data-element_type=\"container\" data-e-type=\"container\" data-settings=\"{&quot;background_background&quot;:&quot;classic&quot;,&quot;animation&quot;:&quot;fadeInUp&quot;,&quot;animation_delay&quot;:600}\">\n\t\t\t\t<\/div>\n\t\t<div class=\"elementor-element elementor-element-1f813669 e-con-full e-flex e-con e-child\" data-id=\"1f813669\" data-element_type=\"container\" data-e-type=\"container\">\n\t\t\t\t<div class=\"elementor-element elementor-element-1a0307a7 elementor-blockquote--skin-quotation elementor-blockquote--align-center elementor-widget elementor-widget-blockquote\" data-id=\"1a0307a7\" data-element_type=\"widget\" data-e-type=\"widget\" data-widget_type=\"blockquote.default\">\n\t\t\t\t<div class=\"elementor-widget-container\">\n\t\t\t\t\t\t\t<blockquote class=\"elementor-blockquote\">\n\t\t\t<p class=\"elementor-blockquote__content\">\n\t\t\t\tDe la frustraci\u00f3n a la soluci\u00f3n\t\t\t<\/p>\n\t\t\t\t\t<\/blockquote>\n\t\t\t\t\t\t<\/div>\n\t\t\t\t<\/div>\n\t\t\t\t<div class=\"elementor-element elementor-element-11561afa elementor-widget elementor-widget-text-editor\" data-id=\"11561afa\" data-element_type=\"widget\" data-e-type=\"widget\" data-widget_type=\"text-editor.default\">\n\t\t\t\t<div class=\"elementor-widget-container\">\n\t\t\t\t\t\t\t\t\t<p>En 2003, dos estudiantes se enfrentaron a una gran frustraci\u00f3n: hab\u00eda una flagrante ausencia de informaci\u00f3n sobre Cabo Verde, su gente y la comunidad. Decididos a colmar esta laguna, dedicaron varios meses a desarrollar una plataforma, y en 2004 lanzaron con \u00e9xito CaboVerdePlaza. Poco despu\u00e9s, un tercer cofundador contribuy\u00f3 significativamente al floreciente \u00e9xito de la plataforma. A pesar de la ausencia del amplio panorama de las redes sociales que prevalece hoy en d\u00eda, CaboVerdePlaza consigui\u00f3 atraer hasta 10.000 visitantes diarios y gener\u00f3 unos buenos ingresos anuales.   <\/p>\t\t\t\t\t\t\t\t<\/div>\n\t\t\t\t<\/div>\n\t\t\t\t<\/div>\n\t\t\t\t<\/div>\n\t\t\t\t\t<\/div>\n\t\t\t\t<\/div>\n\t\t<div class=\"elementor-element elementor-element-1cbc3ef2 e-flex e-con-boxed e-con e-parent\" data-id=\"1cbc3ef2\" data-element_type=\"container\" data-e-type=\"container\" data-settings=\"{&quot;background_background&quot;:&quot;gradient&quot;}\">\n\t\t\t\t\t<div class=\"e-con-inner\">\n\t\t<div class=\"elementor-element elementor-element-477e6c87 e-con-full e-flex e-con e-child\" data-id=\"477e6c87\" data-element_type=\"container\" data-e-type=\"container\">\n\t\t\t\t<div class=\"elementor-element elementor-element-4da31f39 elementor-widget-divider--view-line elementor-invisible elementor-widget elementor-widget-divider\" data-id=\"4da31f39\" data-element_type=\"widget\" data-e-type=\"widget\" data-settings=\"{&quot;_animation&quot;:&quot;fadeInLeft&quot;}\" data-widget_type=\"divider.default\">\n\t\t\t\t<div class=\"elementor-widget-container\">\n\t\t\t\t\t\t\t<div class=\"elementor-divider\">\n\t\t\t<span class=\"elementor-divider-separator\">\n\t\t\t\t\t\t<\/span>\n\t\t<\/div>\n\t\t\t\t\t\t<\/div>\n\t\t\t\t<\/div>\n\t\t\t\t<div class=\"elementor-element elementor-element-2010d84d elementor-widget-tablet__width-inherit elementor-widget elementor-widget-heading\" data-id=\"2010d84d\" data-element_type=\"widget\" data-e-type=\"widget\" data-widget_type=\"heading.default\">\n\t\t\t\t<div class=\"elementor-widget-container\">\n\t\t\t\t\t<h2 class=\"elementor-heading-title elementor-size-default\">En 2009, CaboVerdePlaza ces\u00f3 sus actividades<\/h2>\t\t\t\t<\/div>\n\t\t\t\t<\/div>\n\t\t\t\t<div class=\"elementor-element elementor-element-7a47b637 elementor-widget elementor-widget-icon-box\" data-id=\"7a47b637\" data-element_type=\"widget\" data-e-type=\"widget\" data-widget_type=\"icon-box.default\">\n\t\t\t\t<div class=\"elementor-widget-container\">\n\t\t\t\t\t\t\t<div class=\"elementor-icon-box-wrapper\">\n\n\t\t\t\n\t\t\t\t\t\t<div class=\"elementor-icon-box-content\">\n\n\t\t\t\t\n\t\t\t\t\t\t\t\t\t<p class=\"elementor-icon-box-description\">\n\t\t\t\t\t\tSu viaje estuvo marcado por largos d\u00edas y noches dedicados a crear contenidos y cultivar una comunidad s\u00f3lida en torno a su plataforma. Sin dejarse intimidar por los retos, compaginaron su compromiso con CaboVerdePlaza con las exigencias de sus estudios universitarios. Sin embargo, la fase triunfal result\u00f3 ef\u00edmera, ya que los fundadores emprendieron caminos separados tras finalizar sus estudios. Los menguantes ingresos de la plataforma, junto con las crecientes demandas de su tiempo y energ\u00eda, la hicieron insostenible como mero hobby. En consecuencia, en 2009, CaboVerdePlaza ces\u00f3 sus actividades, con los fundadores esperanzados en un futuro retorno.    \t\t\t\t\t<\/p>\n\t\t\t\t\n\t\t\t<\/div>\n\t\t\t\n\t\t<\/div>\n\t\t\t\t\t\t<\/div>\n\t\t\t\t<\/div>\n\t\t\t\t<\/div>\n\t\t<div class=\"elementor-element elementor-element-381a6483 e-con-full e-flex e-con e-child\" data-id=\"381a6483\" data-element_type=\"container\" data-e-type=\"container\">\n\t\t\t\t<div class=\"elementor-element elementor-element-58ae8ba8 elementor-widget-mobile__width-initial elementor-widget__width-initial elementor-widget-tablet__width-initial elementor-invisible elementor-widget elementor-widget-image\" data-id=\"58ae8ba8\" data-element_type=\"widget\" data-e-type=\"widget\" data-settings=\"{&quot;_animation&quot;:&quot;fadeInDown&quot;}\" data-widget_type=\"image.default\">\n\t\t\t\t<div class=\"elementor-widget-container\">\n\t\t\t\t\t\t\t\t\t\t\t\t\t\t\t<img fetchpriority=\"high\" decoding=\"async\" width=\"331\" height=\"400\" src=\"https:\/\/cabo-verde.cv\/wp-content\/uploads\/2024\/01\/person1-marketing-agency.jpg\" class=\"attachment-large size-large wp-image-1423\" alt=\"\" srcset=\"https:\/\/cabo-verde.cv\/wp-content\/uploads\/2024\/01\/person1-marketing-agency.jpg 331w, https:\/\/cabo-verde.cv\/wp-content\/uploads\/2024\/01\/person1-marketing-agency-248x300.jpg 248w\" sizes=\"(max-width: 331px) 100vw, 331px\" \/>\t\t\t\t\t\t\t\t\t\t\t\t\t\t\t<\/div>\n\t\t\t\t<\/div>\n\t\t\t\t<div class=\"elementor-element elementor-element-44708d15 elementor-widget-mobile__width-initial elementor-widget__width-initial elementor-widget-tablet__width-initial elementor-invisible elementor-widget elementor-widget-image\" data-id=\"44708d15\" data-element_type=\"widget\" data-e-type=\"widget\" data-settings=\"{&quot;_animation&quot;:&quot;fadeInRight&quot;}\" data-widget_type=\"image.default\">\n\t\t\t\t<div class=\"elementor-widget-container\">\n\t\t\t\t\t\t\t\t\t\t\t\t\t\t\t<img decoding=\"async\" width=\"331\" height=\"400\" src=\"https:\/\/cabo-verde.cv\/wp-content\/uploads\/2024\/01\/person2-marketing-agency.jpg\" class=\"attachment-large size-large wp-image-1424\" alt=\"\" srcset=\"https:\/\/cabo-verde.cv\/wp-content\/uploads\/2024\/01\/person2-marketing-agency.jpg 331w, https:\/\/cabo-verde.cv\/wp-content\/uploads\/2024\/01\/person2-marketing-agency-248x300.jpg 248w\" sizes=\"(max-width: 331px) 100vw, 331px\" \/>\t\t\t\t\t\t\t\t\t\t\t\t\t\t\t<\/div>\n\t\t\t\t<\/div>\n\t\t\t\t<div class=\"elementor-element elementor-element-62106a3a elementor-widget-mobile__width-initial elementor-widget__width-initial elementor-widget-tablet__width-initial elementor-invisible elementor-widget elementor-widget-image\" data-id=\"62106a3a\" data-element_type=\"widget\" data-e-type=\"widget\" data-settings=\"{&quot;_animation&quot;:&quot;fadeInUp&quot;}\" data-widget_type=\"image.default\">\n\t\t\t\t<div class=\"elementor-widget-container\">\n\t\t\t\t\t\t\t\t\t\t\t\t\t\t\t<img decoding=\"async\" width=\"331\" height=\"400\" src=\"https:\/\/cabo-verde.cv\/wp-content\/uploads\/2024\/01\/About-3_1.jpg\" class=\"attachment-large size-large wp-image-1425\" alt=\"\" srcset=\"https:\/\/cabo-verde.cv\/wp-content\/uploads\/2024\/01\/About-3_1.jpg 331w, https:\/\/cabo-verde.cv\/wp-content\/uploads\/2024\/01\/About-3_1-248x300.jpg 248w\" sizes=\"(max-width: 331px) 100vw, 331px\" \/>\t\t\t\t\t\t\t\t\t\t\t\t\t\t\t<\/div>\n\t\t\t\t<\/div>\n\t\t\t\t<div class=\"elementor-element elementor-element-5848fd6e elementor-widget-mobile__width-initial elementor-widget__width-initial elementor-widget-tablet__width-initial elementor-invisible elementor-widget elementor-widget-image\" data-id=\"5848fd6e\" data-element_type=\"widget\" data-e-type=\"widget\" data-settings=\"{&quot;_animation&quot;:&quot;fadeInRight&quot;,&quot;_animation_delay&quot;:&quot;200&quot;}\" data-widget_type=\"image.default\">\n\t\t\t\t<div class=\"elementor-widget-container\">\n\t\t\t\t\t\t\t\t\t\t\t\t\t\t\t<img loading=\"lazy\" decoding=\"async\" width=\"331\" height=\"400\" src=\"https:\/\/cabo-verde.cv\/wp-content\/uploads\/2024\/01\/person4-marketing-agency.jpg\" class=\"attachment-large size-large wp-image-1426\" alt=\"\" srcset=\"https:\/\/cabo-verde.cv\/wp-content\/uploads\/2024\/01\/person4-marketing-agency.jpg 331w, https:\/\/cabo-verde.cv\/wp-content\/uploads\/2024\/01\/person4-marketing-agency-248x300.jpg 248w\" sizes=\"(max-width: 331px) 100vw, 331px\" \/>\t\t\t\t\t\t\t\t\t\t\t\t\t\t\t<\/div>\n\t\t\t\t<\/div>\n\t\t\t\t<\/div>\n\t\t\t\t\t<\/div>\n\t\t\t\t<\/div>\n\t\t<div class=\"elementor-element elementor-element-408b0b32 e-con-full e-flex e-con e-parent\" data-id=\"408b0b32\" data-element_type=\"container\" data-e-type=\"container\" data-settings=\"{&quot;background_background&quot;:&quot;gradient&quot;}\">\n\t\t<div class=\"elementor-element elementor-element-271bcfa8 e-con-full e-flex e-con e-child\" data-id=\"271bcfa8\" data-element_type=\"container\" data-e-type=\"container\">\n\t\t\t\t<div class=\"elementor-element elementor-element-6512a078 elementor-widget-divider--view-line elementor-invisible elementor-widget elementor-widget-divider\" data-id=\"6512a078\" data-element_type=\"widget\" data-e-type=\"widget\" data-settings=\"{&quot;_animation&quot;:&quot;fadeInLeft&quot;}\" data-widget_type=\"divider.default\">\n\t\t\t\t<div class=\"elementor-widget-container\">\n\t\t\t\t\t\t\t<div class=\"elementor-divider\">\n\t\t\t<span class=\"elementor-divider-separator\">\n\t\t\t\t\t\t<\/span>\n\t\t<\/div>\n\t\t\t\t\t\t<\/div>\n\t\t\t\t<\/div>\n\t\t\t\t<div class=\"elementor-element elementor-element-5ff81cd elementor-widget elementor-widget-heading\" data-id=\"5ff81cd\" data-element_type=\"widget\" data-e-type=\"widget\" data-widget_type=\"heading.default\">\n\t\t\t\t<div class=\"elementor-widget-container\">\n\t\t\t\t\t<h2 class=\"elementor-heading-title elementor-size-default\">20 a\u00f1os despu\u00e9s del primer lanzamiento.<\/h2>\t\t\t\t<\/div>\n\t\t\t\t<\/div>\n\t\t\t\t<div class=\"elementor-element elementor-element-3ac89984 elementor-widget__width-inherit elementor-invisible elementor-widget elementor-widget-image\" data-id=\"3ac89984\" data-element_type=\"widget\" data-e-type=\"widget\" data-settings=\"{&quot;_animation&quot;:&quot;fadeIn&quot;}\" data-widget_type=\"image.default\">\n\t\t\t\t<div class=\"elementor-widget-container\">\n\t\t\t\t\t\t\t\t\t\t\t\t\t\t\t<img loading=\"lazy\" decoding=\"async\" width=\"558\" height=\"400\" src=\"https:\/\/cabo-verde.cv\/wp-content\/uploads\/2023\/12\/Social-Media.jpg\" class=\"attachment-large size-large wp-image-1368\" alt=\"\" srcset=\"https:\/\/cabo-verde.cv\/wp-content\/uploads\/2023\/12\/Social-Media.jpg 558w, https:\/\/cabo-verde.cv\/wp-content\/uploads\/2023\/12\/Social-Media-300x215.jpg 300w\" sizes=\"(max-width: 558px) 100vw, 558px\" \/>\t\t\t\t\t\t\t\t\t\t\t\t\t\t\t<\/div>\n\t\t\t\t<\/div>\n\t\t\t\t<\/div>\n\t\t<div class=\"elementor-element elementor-element-54c20f9c e-con-full e-flex e-con e-child\" data-id=\"54c20f9c\" data-element_type=\"container\" data-e-type=\"container\">\n\t\t\t\t<div class=\"elementor-element elementor-element-2b4d88cd elementor-widget__width-initial elementor-invisible elementor-widget elementor-widget-image\" data-id=\"2b4d88cd\" data-element_type=\"widget\" data-e-type=\"widget\" data-settings=\"{&quot;_animation&quot;:&quot;fadeInDown&quot;,&quot;_animation_tablet&quot;:&quot;fadeInLeft&quot;}\" data-widget_type=\"image.default\">\n\t\t\t\t<div class=\"elementor-widget-container\">\n\t\t\t\t\t\t\t\t\t\t\t\t\t\t\t<img loading=\"lazy\" decoding=\"async\" width=\"407\" height=\"495\" src=\"https:\/\/cabo-verde.cv\/wp-content\/uploads\/2024\/01\/person-about.jpg\" class=\"attachment-large size-large wp-image-1427\" alt=\"\" srcset=\"https:\/\/cabo-verde.cv\/wp-content\/uploads\/2024\/01\/person-about.jpg 407w, https:\/\/cabo-verde.cv\/wp-content\/uploads\/2024\/01\/person-about-247x300.jpg 247w\" sizes=\"(max-width: 407px) 100vw, 407px\" \/>\t\t\t\t\t\t\t\t\t\t\t\t\t\t\t<\/div>\n\t\t\t\t<\/div>\n\t\t\t\t<div class=\"elementor-element elementor-element-b21b9dd elementor-widget__width-initial elementor-invisible elementor-widget elementor-widget-image\" data-id=\"b21b9dd\" data-element_type=\"widget\" data-e-type=\"widget\" data-settings=\"{&quot;_animation&quot;:&quot;fadeInDown&quot;,&quot;_animation_tablet&quot;:&quot;fadeInRight&quot;,&quot;_animation_delay&quot;:&quot;200&quot;}\" data-widget_type=\"image.default\">\n\t\t\t\t<div class=\"elementor-widget-container\">\n\t\t\t\t\t\t\t\t\t\t\t\t\t\t\t<img loading=\"lazy\" decoding=\"async\" width=\"407\" height=\"495\" src=\"https:\/\/cabo-verde.cv\/wp-content\/uploads\/2024\/01\/about-markting-agency.jpg\" class=\"attachment-large size-large wp-image-1428\" alt=\"\" srcset=\"https:\/\/cabo-verde.cv\/wp-content\/uploads\/2024\/01\/about-markting-agency.jpg 407w, https:\/\/cabo-verde.cv\/wp-content\/uploads\/2024\/01\/about-markting-agency-247x300.jpg 247w\" sizes=\"(max-width: 407px) 100vw, 407px\" \/>\t\t\t\t\t\t\t\t\t\t\t\t\t\t\t<\/div>\n\t\t\t\t<\/div>\n\t\t\t\t<div class=\"elementor-element elementor-element-701e627d elementor-invisible elementor-widget elementor-widget-text-editor\" data-id=\"701e627d\" data-element_type=\"widget\" data-e-type=\"widget\" data-settings=\"{&quot;_animation&quot;:&quot;fadeInUp&quot;}\" data-widget_type=\"text-editor.default\">\n\t\t\t\t<div class=\"elementor-widget-container\">\n\t\t\t\t\t\t\t\t\t<p>Avanzamos r\u00e1pidamente hasta 2024, y CaboVerdePlaza ha resurgido, revigorizada y lista para llenar el vac\u00edo informativo sobre Cabo Verde y su gente. Despu\u00e9s de 20 a\u00f1os, hab\u00eda llegado el momento de relanzar la plataforma, trayendo consigo una gran cantidad de contenido acumulado desde 2003. El apasionante objetivo es volver a conectar, informar y promover todas las facetas de Cabo Verde, sus habitantes y su rica cultura. La plataforma pretende no s\u00f3lo resucitar el antiguo contenido almacenado a lo largo de los a\u00f1os, sino tambi\u00e9n mostrar informaci\u00f3n nueva y actual, posicion\u00e1ndose como el principal punto de partida para cualquiera que se embarque en un viaje relacionado con Cabo Verde. Cabo Verde Plaza se declara con orgullo el \u00abPortal di nos Ilhas\u00bb.    <\/p>\t\t\t\t\t\t\t\t<\/div>\n\t\t\t\t<\/div>\n\t\t\t\t<\/div>\n\t\t\t\t<\/div>\n\t\t<div class=\"elementor-element elementor-element-31355fd4 e-flex e-con-boxed e-con e-parent\" data-id=\"31355fd4\" data-element_type=\"container\" data-e-type=\"container\" data-settings=\"{&quot;background_background&quot;:&quot;gradient&quot;}\">\n\t\t\t\t\t<div class=\"e-con-inner\">\n\t\t<div class=\"elementor-element elementor-element-7cac03d6 e-con-full e-flex e-con e-child\" data-id=\"7cac03d6\" data-element_type=\"container\" data-e-type=\"container\">\n\t\t\t\t<div class=\"elementor-element elementor-element-734f38a0 elementor-widget__width-inherit elementor-widget-mobile__width-inherit elementor-widget elementor-widget-image-box\" data-id=\"734f38a0\" data-element_type=\"widget\" data-e-type=\"widget\" data-widget_type=\"image-box.default\">\n\t\t\t\t<div class=\"elementor-widget-container\">\n\t\t\t\t\t<div class=\"elementor-image-box-wrapper\"><div class=\"elementor-image-box-content\"><h3 class=\"elementor-image-box-title\">Nuevo cap\u00edtulo<\/h3><p class=\"elementor-image-box-description\">El relanzamiento no es un mero renacimiento; representa un compromiso renovado de servir como recurso integral de informaci\u00f3n sobre Cabo Verde. Los fundadores reconocen la importancia de aprovechar los avances tecnol\u00f3gicos y el cambiante panorama digital para crear una plataforma m\u00e1s s\u00f3lida y sostenible. Con una visi\u00f3n estrat\u00e9gica, CaboVerdePlaza aspira a ser algo m\u00e1s que un dep\u00f3sito de informaci\u00f3n: pretende fomentar las conexiones, celebrar la vitalidad de la cultura caboverdiana y servir de centro din\u00e1mico para todo lo relacionado con el archipi\u00e9lago.  <\/p><\/div><\/div>\t\t\t\t<\/div>\n\t\t\t\t<\/div>\n\t\t\t\t<div class=\"elementor-element elementor-element-44aad806 elementor-widget elementor-widget-image\" data-id=\"44aad806\" data-element_type=\"widget\" data-e-type=\"widget\" data-widget_type=\"image.default\">\n\t\t\t\t<div class=\"elementor-widget-container\">\n\t\t\t\t\t\t\t\t\t\t\t\t\t\t\t<img loading=\"lazy\" decoding=\"async\" width=\"489\" height=\"540\" src=\"https:\/\/cabo-verde.cv\/wp-content\/uploads\/2024\/01\/workshop_ceramic_hero_img2.jpg\" class=\"attachment-large size-large wp-image-1429\" alt=\"\" srcset=\"https:\/\/cabo-verde.cv\/wp-content\/uploads\/2024\/01\/workshop_ceramic_hero_img2.jpg 489w, https:\/\/cabo-verde.cv\/wp-content\/uploads\/2024\/01\/workshop_ceramic_hero_img2-272x300.jpg 272w\" sizes=\"(max-width: 489px) 100vw, 489px\" \/>\t\t\t\t\t\t\t\t\t\t\t\t\t\t\t<\/div>\n\t\t\t\t<\/div>\n\t\t\t\t<\/div>\n\t\t<div class=\"elementor-element elementor-element-3b63b026 e-con-full e-flex e-con e-child\" data-id=\"3b63b026\" data-element_type=\"container\" data-e-type=\"container\">\n\t\t\t\t<div class=\"elementor-element elementor-element-64124c24 elementor-widget__width-initial elementor-widget-tablet__width-inherit elementor-widget-mobile__width-inherit elementor-position-top elementor-widget elementor-widget-image-box\" data-id=\"64124c24\" data-element_type=\"widget\" data-e-type=\"widget\" data-widget_type=\"image-box.default\">\n\t\t\t\t<div class=\"elementor-widget-container\">\n\t\t\t\t\t<div class=\"elementor-image-box-wrapper\"><figure class=\"elementor-image-box-img\"><img loading=\"lazy\" decoding=\"async\" width=\"546\" height=\"560\" src=\"https:\/\/cabo-verde.cv\/wp-content\/uploads\/2024\/01\/workshop_ceramic_Service_Details_01.jpg\" class=\"attachment-full size-full wp-image-1430\" alt=\"\" srcset=\"https:\/\/cabo-verde.cv\/wp-content\/uploads\/2024\/01\/workshop_ceramic_Service_Details_01.jpg 546w, https:\/\/cabo-verde.cv\/wp-content\/uploads\/2024\/01\/workshop_ceramic_Service_Details_01-293x300.jpg 293w\" sizes=\"(max-width: 546px) 100vw, 546px\" \/><\/figure><div class=\"elementor-image-box-content\"><p class=\"elementor-image-box-description\">A medida que CaboVerdePlaza se embarca en este nuevo cap\u00edtulo, trae consigo la inestimable experiencia adquirida en su anterior \u00e9xito y posterior par\u00f3n. Los fundadores, armados con un profundo conocimiento de los retos que llevaron al cierre temporal de la plataforma, est\u00e1n preparados para navegar por el cambiante panorama digital y hacer de CaboVerdePlaza una presencia duradera e influyente una vez m\u00e1s. El relanzamiento no es s\u00f3lo un regreso; es un renacimiento estrat\u00e9gico y decidido, un testimonio de la resistencia de la visi\u00f3n de los fundadores y de la importancia duradera de Cabo Verde Plaza en el \u00e1mbito digital.  <\/p><\/div><\/div>\t\t\t\t<\/div>\n\t\t\t\t<\/div>\n\t\t\t\t<\/div>\n\t\t\t\t\t<\/div>\n\t\t\t\t<\/div>\n\t\t\t\t<\/div>\n\t\t","protected":false},"excerpt":{"rendered":"<p>C\u00f3mo empez\u00f3 todo sobre nosotros De la frustraci\u00f3n a la soluci\u00f3n En 2003, dos estudiantes se enfrentaron a una gran frustraci\u00f3n: hab\u00eda una flagrante ausencia de informaci\u00f3n sobre Cabo Verde, su gente y la comunidad. Decididos a colmar esta laguna, dedicaron varios meses a desarrollar una plataforma, y en 2004 lanzaron con \u00e9xito CaboVerdePlaza. Poco [&hellip;]<\/p>\n","protected":false},"author":2,"featured_media":0,"parent":0,"menu_order":0,"comment_status":"closed","ping_status":"closed","template":"elementor_header_footer","meta":{"footnotes":""},"class_list":["post-15700","page","type-page","status-publish","hentry"],"_links":{"self":[{"href":"https:\/\/cabo-verde.cv\/es\/wp-json\/wp\/v2\/pages\/15700","targetHints":{"allow":["GET"]}}],"collection":[{"href":"https:\/\/cabo-verde.cv\/es\/wp-json\/wp\/v2\/pages"}],"about":[{"href":"https:\/\/cabo-verde.cv\/es\/wp-json\/wp\/v2\/types\/page"}],"author":[{"embeddable":true,"href":"https:\/\/cabo-verde.cv\/es\/wp-json\/wp\/v2\/users\/2"}],"replies":[{"embeddable":true,"href":"https:\/\/cabo-verde.cv\/es\/wp-json\/wp\/v2\/comments?post=15700"}],"version-history":[{"count":1,"href":"https:\/\/cabo-verde.cv\/es\/wp-json\/wp\/v2\/pages\/15700\/revisions"}],"predecessor-version":[{"id":15703,"href":"https:\/\/cabo-verde.cv\/es\/wp-json\/wp\/v2\/pages\/15700\/revisions\/15703"}],"wp:attachment":[{"href":"https:\/\/cabo-verde.cv\/es\/wp-json\/wp\/v2\/media?parent=15700"}],"curies":[{"name":"wp","href":"https:\/\/api.w.org\/{rel}","templated":true}]}}