{"id":15573,"date":"2024-01-14T21:59:10","date_gmt":"2024-01-14T21:59:10","guid":{"rendered":"https:\/\/cabo-verde.cv\/ferngesteuert-arbeiten\/"},"modified":"2025-09-29T13:41:19","modified_gmt":"2025-09-29T13:41:19","slug":"ferngesteuert-arbeiten","status":"publish","type":"page","link":"https:\/\/cabo-verde.cv\/de\/ferngesteuert-arbeiten\/","title":{"rendered":"Ferngesteuert arbeiten"},"content":{"rendered":"\t\t<div data-elementor-type=\"wp-page\" data-elementor-id=\"15573\" class=\"elementor elementor-15573 elementor-1547\" data-elementor-post-type=\"page\">\n\t\t\t\t<div class=\"elementor-element elementor-element-fc1f385 e-flex e-con-boxed e-con e-parent\" data-id=\"fc1f385\" data-element_type=\"container\" data-e-type=\"container\">\n\t\t\t\t\t<div class=\"e-con-inner\">\n\t\t\t\t<div class=\"elementor-element elementor-element-3cbc298 elementor-widget elementor-widget-text-editor\" data-id=\"3cbc298\" data-element_type=\"widget\" data-e-type=\"widget\" data-widget_type=\"text-editor.default\">\n\t\t\t\t<div class=\"elementor-widget-container\">\n\t\t\t\t\t\t\t\t\t<div><div><div><div><div><span style=\"color: var( --e-global-color-text ); font-family: var( --e-global-typography-text-font-family ), Sans-serif; font-weight: var( --e-global-typography-text-font-weight ); text-align: var(--text-align);\">Wenn Sie ein digitaler Nomade sind und in ein tropisches Inselparadies ziehen m\u00f6chten, k\u00f6nnte Sie die Beantragung eines Visums f\u00fcr digitale Nomaden f\u00fcr die Kapverden interessieren. Kap Verde ist eine Inselgruppe im Atlantischen Ozean mit einer Mischung aus portugiesischer und afrikanischer Kultur. Das Land r\u00fchmt sich eines warmen tropischen Klimas, sch\u00f6ner Str\u00e4nde und vulkanischer Inseln, was es zu einem idealen Ziel f\u00fcr digitale Nomaden macht, die in einem Inselparadies leben m\u00f6chten.  <br><\/span><br>Das im Dezember 2020 eingef\u00fchrte Visum f\u00fcr digitale Nomaden auf den Kapverden war eines der allerersten Visaprogramme, das f\u00fcr globale Fernarbeiter zur Verf\u00fcgung stand.<br><br>Das Visum f\u00fcr digitale Nomaden, das als befristete Aufenthaltsgenehmigung dient, erlaubt es digitalen Nomaden, sechs Monate lang im Land zu leben und aus der Ferne zu arbeiten. Digitale Nomaden, die l\u00e4nger bleiben m\u00f6chten, haben die M\u00f6glichkeit, nach Ablauf der sechs Monate zu verl\u00e4ngern. <br><br><br><br><\/div><\/div><\/div><\/div><\/div>\t\t\t\t\t\t\t\t<\/div>\n\t\t\t\t<\/div>\n\t\t\t\t\t<\/div>\n\t\t\t\t<\/div>\n\t\t<div class=\"elementor-element elementor-element-c2053bb e-flex e-con-boxed e-con e-parent\" data-id=\"c2053bb\" data-element_type=\"container\" data-e-type=\"container\">\n\t\t\t\t\t<div class=\"e-con-inner\">\n\t\t<div class=\"elementor-element elementor-element-901f525 e-con-full e-flex e-con e-child\" data-id=\"901f525\" data-element_type=\"container\" data-e-type=\"container\">\n\t\t\t\t<\/div>\n\t\t<div class=\"elementor-element elementor-element-4e4e423 e-con-full e-flex e-con e-child\" data-id=\"4e4e423\" data-element_type=\"container\" data-e-type=\"container\">\n\t\t\t\t<\/div>\n\t\t\t\t<div class=\"elementor-element elementor-element-d77f101 elementor-grid-3 elementor-grid-tablet-2 elementor-grid-mobile-1 elementor-posts--thumbnail-top elementor-widget elementor-widget-posts\" data-id=\"d77f101\" data-element_type=\"widget\" data-e-type=\"widget\" data-settings=\"{&quot;classic_columns&quot;:&quot;3&quot;,&quot;classic_columns_tablet&quot;:&quot;2&quot;,&quot;classic_columns_mobile&quot;:&quot;1&quot;,&quot;classic_row_gap&quot;:{&quot;unit&quot;:&quot;px&quot;,&quot;size&quot;:35,&quot;sizes&quot;:[]},&quot;classic_row_gap_tablet&quot;:{&quot;unit&quot;:&quot;px&quot;,&quot;size&quot;:&quot;&quot;,&quot;sizes&quot;:[]},&quot;classic_row_gap_mobile&quot;:{&quot;unit&quot;:&quot;px&quot;,&quot;size&quot;:&quot;&quot;,&quot;sizes&quot;:[]}}\" data-widget_type=\"posts.classic\">\n\t\t\t\t<div class=\"elementor-widget-container\">\n\t\t\t\t\t\t\t<div class=\"elementor-posts-container elementor-posts elementor-posts--skin-classic elementor-grid\" role=\"list\">\n\t\t\t\t<article class=\"elementor-post elementor-grid-item post-15204 post type-post status-publish format-standard has-post-thumbnail hentry category-inseln tag-inseln-de tag-maio-de-2\" role=\"listitem\">\n\t\t\t\t<a class=\"elementor-post__thumbnail__link\" href=\"https:\/\/cabo-verde.cv\/de\/die-versteckten-reize-der-insel-maio\/\" tabindex=\"-1\" >\n\t\t\t<div class=\"elementor-post__thumbnail\"><img fetchpriority=\"high\" decoding=\"async\" width=\"225\" height=\"300\" src=\"https:\/\/cabo-verde.cv\/wp-content\/uploads\/2024\/04\/cabo-verde-ilha-do-maio-activities-225x300.jpg\" class=\"attachment-medium size-medium wp-image-15095\" alt=\"Ilha do Maio Activities\" srcset=\"https:\/\/cabo-verde.cv\/wp-content\/uploads\/2024\/04\/cabo-verde-ilha-do-maio-activities-225x300.jpg 225w, https:\/\/cabo-verde.cv\/wp-content\/uploads\/2024\/04\/cabo-verde-ilha-do-maio-activities-768x1024.jpg 768w, https:\/\/cabo-verde.cv\/wp-content\/uploads\/2024\/04\/cabo-verde-ilha-do-maio-activities-1152x1536.jpg 1152w, https:\/\/cabo-verde.cv\/wp-content\/uploads\/2024\/04\/cabo-verde-ilha-do-maio-activities-1536x2048.jpg 1536w, https:\/\/cabo-verde.cv\/wp-content\/uploads\/2024\/04\/cabo-verde-ilha-do-maio-activities-443x590.jpg 443w, https:\/\/cabo-verde.cv\/wp-content\/uploads\/2024\/04\/cabo-verde-ilha-do-maio-activities-503x670.jpg 503w, https:\/\/cabo-verde.cv\/wp-content\/uploads\/2024\/04\/cabo-verde-ilha-do-maio-activities-577x769.jpg 577w, https:\/\/cabo-verde.cv\/wp-content\/uploads\/2024\/04\/cabo-verde-ilha-do-maio-activities-1200x1600.jpg 1200w, https:\/\/cabo-verde.cv\/wp-content\/uploads\/2024\/04\/cabo-verde-ilha-do-maio-activities-600x800.jpg 600w, https:\/\/cabo-verde.cv\/wp-content\/uploads\/2024\/04\/cabo-verde-ilha-do-maio-activities-scaled.jpg 1920w\" sizes=\"(max-width: 225px) 100vw, 225px\" \/><\/div>\n\t\t<\/a>\n\t\t\t\t<div class=\"elementor-post__text\">\n\t\t\t\t<h3 class=\"elementor-post__title\">\n\t\t\t<a href=\"https:\/\/cabo-verde.cv\/de\/die-versteckten-reize-der-insel-maio\/\" >\n\t\t\t\tDie versteckten Reize der Insel Maio\t\t\t<\/a>\n\t\t<\/h3>\n\t\t\t\t<div class=\"elementor-post__meta-data\">\n\t\t\t\t\t<span class=\"elementor-post-date\">\n\t\t\t26. Juli 2024\t\t<\/span>\n\t\t\t\t<span class=\"elementor-post-avatar\">\n\t\t\tKeine Kommentare\t\t<\/span>\n\t\t\t\t<\/div>\n\t\t\t\t<div class=\"elementor-post__excerpt\">\n\t\t\t<p>Entdecken Sie den versteckten Charme der Insel Maio auf den Kapverden!<\/p>\n\t\t<\/div>\n\t\t\n\t\t<a class=\"elementor-post__read-more\" href=\"https:\/\/cabo-verde.cv\/de\/die-versteckten-reize-der-insel-maio\/\" aria-label=\"Mehr \u00fcber Die versteckten Reize der Insel Maio\" tabindex=\"-1\" >\n\t\t\tMehr lesen \"\t\t<\/a>\n\n\t\t\t\t<\/div>\n\t\t\t\t<\/article>\n\t\t\t\t<article class=\"elementor-post elementor-grid-item post-14996 post type-post status-publish format-standard hentry category-kultur-de tag-alte-stadt-de tag-piraten-de\" role=\"listitem\">\n\t\t\t\t<div class=\"elementor-post__text\">\n\t\t\t\t<h3 class=\"elementor-post__title\">\n\t\t\t<a href=\"https:\/\/cabo-verde.cv\/de\/die-dunkle-vergangenheit-der-piraten-und-sklaven-in-der-alten-stadt\/\" >\n\t\t\t\tDie dunkle Vergangenheit der Piraten und Sklaven in der alten Stadt\t\t\t<\/a>\n\t\t<\/h3>\n\t\t\t\t<div class=\"elementor-post__meta-data\">\n\t\t\t\t\t<span class=\"elementor-post-date\">\n\t\t\t3. Juli 2024\t\t<\/span>\n\t\t\t\t<span class=\"elementor-post-avatar\">\n\t\t\tKeine Kommentare\t\t<\/span>\n\t\t\t\t<\/div>\n\t\t\t\t<div class=\"elementor-post__excerpt\">\n\t\t\t<p>Das dunkle Erbe der Piraten und Sklaven in der alten Stadt aufdecken.<\/p>\n\t\t<\/div>\n\t\t\n\t\t<a class=\"elementor-post__read-more\" href=\"https:\/\/cabo-verde.cv\/de\/die-dunkle-vergangenheit-der-piraten-und-sklaven-in-der-alten-stadt\/\" aria-label=\"Mehr \u00fcber Die dunkle Vergangenheit der Piraten und Sklaven in der alten Stadt\" tabindex=\"-1\" >\n\t\t\tMehr lesen \"\t\t<\/a>\n\n\t\t\t\t<\/div>\n\t\t\t\t<\/article>\n\t\t\t\t<article class=\"elementor-post elementor-grid-item post-15075 post type-post status-publish format-standard has-post-thumbnail hentry category-kultur-de tag-cuscuz-de-2 tag-leiteemel-de-2 tag-pratoterraterra-de-2\" role=\"listitem\">\n\t\t\t\t<a class=\"elementor-post__thumbnail__link\" href=\"https:\/\/cabo-verde.cv\/de\/couscous-ein-gericht-das-zu-jeder-zeit-gut-schmeckt\/\" tabindex=\"-1\" >\n\t\t\t<div class=\"elementor-post__thumbnail\"><img decoding=\"async\" width=\"200\" height=\"300\" src=\"https:\/\/cabo-verde.cv\/wp-content\/uploads\/2024\/06\/k-200x300.jpg\" class=\"attachment-medium size-medium wp-image-15077\" alt=\"\" srcset=\"https:\/\/cabo-verde.cv\/wp-content\/uploads\/2024\/06\/k-200x300.jpg 200w, https:\/\/cabo-verde.cv\/wp-content\/uploads\/2024\/06\/k-683x1024.jpg 683w, https:\/\/cabo-verde.cv\/wp-content\/uploads\/2024\/06\/k-393x590.jpg 393w, https:\/\/cabo-verde.cv\/wp-content\/uploads\/2024\/06\/k-447x670.jpg 447w, https:\/\/cabo-verde.cv\/wp-content\/uploads\/2024\/06\/k-577x866.jpg 577w, https:\/\/cabo-verde.cv\/wp-content\/uploads\/2024\/06\/k-600x900.jpg 600w, https:\/\/cabo-verde.cv\/wp-content\/uploads\/2024\/06\/k.jpg 750w\" sizes=\"(max-width: 200px) 100vw, 200px\" \/><\/div>\n\t\t<\/a>\n\t\t\t\t<div class=\"elementor-post__text\">\n\t\t\t\t<h3 class=\"elementor-post__title\">\n\t\t\t<a href=\"https:\/\/cabo-verde.cv\/de\/couscous-ein-gericht-das-zu-jeder-zeit-gut-schmeckt\/\" >\n\t\t\t\tCouscous: ein Gericht, das zu jeder Zeit gut schmeckt\t\t\t<\/a>\n\t\t<\/h3>\n\t\t\t\t<div class=\"elementor-post__meta-data\">\n\t\t\t\t\t<span class=\"elementor-post-date\">\n\t\t\t21. Juni 2024\t\t<\/span>\n\t\t\t\t<span class=\"elementor-post-avatar\">\n\t\t\tKeine Kommentare\t\t<\/span>\n\t\t\t\t<\/div>\n\t\t\t\t<div class=\"elementor-post__excerpt\">\n\t\t\t<p>Couscous: das vielseitige Gericht, das den Gaumen zu jeder Zeit erfreut.<\/p>\n\t\t<\/div>\n\t\t\n\t\t<a class=\"elementor-post__read-more\" href=\"https:\/\/cabo-verde.cv\/de\/couscous-ein-gericht-das-zu-jeder-zeit-gut-schmeckt\/\" aria-label=\"Mehr \u00fcber Couscous: ein Gericht, das zu jeder Zeit gut schmeckt\" tabindex=\"-1\" >\n\t\t\tMehr lesen \"\t\t<\/a>\n\n\t\t\t\t<\/div>\n\t\t\t\t<\/article>\n\t\t\t\t<\/div>\n\t\t\n\t\t\t\t\t\t<\/div>\n\t\t\t\t<\/div>\n\t\t\t\t\t<\/div>\n\t\t\t\t<\/div>\n\t\t<div class=\"elementor-element elementor-element-4186d67 e-flex e-con-boxed e-con e-parent\" data-id=\"4186d67\" data-element_type=\"container\" data-e-type=\"container\">\n\t\t\t\t\t<div class=\"e-con-inner\">\n\t\t<div class=\"elementor-element elementor-element-b918a6c e-con-full e-flex e-con e-child\" data-id=\"b918a6c\" data-element_type=\"container\" data-e-type=\"container\">\n\t\t\t\t<\/div>\n\t\t<div class=\"elementor-element elementor-element-3023a79 e-con-full e-flex e-con e-child\" data-id=\"3023a79\" data-element_type=\"container\" data-e-type=\"container\">\n\t\t\t\t<\/div>\n\t\t\t\t\t<\/div>\n\t\t\t\t<\/div>\n\t\t<div class=\"elementor-element elementor-element-059081f e-flex e-con-boxed e-con e-parent\" data-id=\"059081f\" data-element_type=\"container\" data-e-type=\"container\">\n\t\t\t\t\t<div class=\"e-con-inner\">\n\t\t\t\t<div class=\"elementor-element elementor-element-7c5e40e elementor-pagination-type-bullets elementor-arrows-position-inside elementor-pagination-position-outside elementor-widget elementor-widget-loop-carousel\" data-id=\"7c5e40e\" data-element_type=\"widget\" data-e-type=\"widget\" data-settings=\"{&quot;template_id&quot;:15287,&quot;_skin&quot;:&quot;post&quot;,&quot;slides_to_show&quot;:&quot;3&quot;,&quot;slides_to_show_tablet&quot;:&quot;2&quot;,&quot;slides_to_show_mobile&quot;:&quot;1&quot;,&quot;slides_to_scroll&quot;:&quot;1&quot;,&quot;edit_handle_selector&quot;:&quot;.elementor-loop-container&quot;,&quot;autoplay&quot;:&quot;yes&quot;,&quot;autoplay_speed&quot;:5000,&quot;pause_on_hover&quot;:&quot;yes&quot;,&quot;pause_on_interaction&quot;:&quot;yes&quot;,&quot;infinite&quot;:&quot;yes&quot;,&quot;speed&quot;:500,&quot;offset_sides&quot;:&quot;none&quot;,&quot;arrows&quot;:&quot;yes&quot;,&quot;pagination&quot;:&quot;bullets&quot;,&quot;image_spacing_custom&quot;:{&quot;unit&quot;:&quot;px&quot;,&quot;size&quot;:10,&quot;sizes&quot;:[]},&quot;image_spacing_custom_tablet&quot;:{&quot;unit&quot;:&quot;px&quot;,&quot;size&quot;:&quot;&quot;,&quot;sizes&quot;:[]},&quot;image_spacing_custom_mobile&quot;:{&quot;unit&quot;:&quot;px&quot;,&quot;size&quot;:&quot;&quot;,&quot;sizes&quot;:[]}}\" data-widget_type=\"loop-carousel.post\">\n\t\t\t\t<div class=\"elementor-widget-container\">\n\t\t\t\t\t\t\t<div class=\"swiper elementor-loop-container elementor-grid\" role=\"list\" dir=\"ltr\">\n\t\t\t\t<div class=\"swiper-wrapper\" aria-live=\"off\">\n\t\t<style id=\"loop-15287\"><\/style>\t\t<\/div>\n\t\t<\/div>\n\t\t\t\t\t<div class=\"elementor-swiper-button elementor-swiper-button-prev\" role=\"button\" tabindex=\"0\" aria-label=\"Voriger\">\n\t\t\t\t<svg aria-hidden=\"true\" class=\"e-font-icon-svg e-eicon-chevron-left\" viewBox=\"0 0 1000 1000\" xmlns=\"http:\/\/www.w3.org\/2000\/svg\"><path d=\"M646 125C629 125 613 133 604 142L308 442C296 454 292 471 292 487 292 504 296 521 308 533L604 854C617 867 629 875 646 875 663 875 679 871 692 858 704 846 713 829 713 812 713 796 708 779 692 767L438 487 692 225C700 217 708 204 708 187 708 171 704 154 692 142 675 129 663 125 646 125Z\"><\/path><\/svg>\t\t\t<\/div>\n\t\t\t<div class=\"elementor-swiper-button elementor-swiper-button-next\" role=\"button\" tabindex=\"0\" aria-label=\"N\u00e4chster\">\n\t\t\t\t<svg aria-hidden=\"true\" class=\"e-font-icon-svg e-eicon-chevron-right\" viewBox=\"0 0 1000 1000\" xmlns=\"http:\/\/www.w3.org\/2000\/svg\"><path d=\"M696 533C708 521 713 504 713 487 713 471 708 454 696 446L400 146C388 133 375 125 354 125 338 125 325 129 313 142 300 154 292 171 292 187 292 204 296 221 308 233L563 492 304 771C292 783 288 800 288 817 288 833 296 850 308 863 321 871 338 875 354 875 371 875 388 867 400 854L696 533Z\"><\/path><\/svg>\t\t\t<\/div>\n\t\t\t\t\t<div class=\"swiper-pagination\"><\/div>\n\t\t\t\t\t\t<\/div>\n\t\t\t\t<\/div>\n\t\t\t\t\t<\/div>\n\t\t\t\t<\/div>\n\t\t<div class=\"elementor-element elementor-element-3ef1776 e-flex e-con-boxed e-con e-parent\" data-id=\"3ef1776\" data-element_type=\"container\" data-e-type=\"container\">\n\t\t\t\t\t<div class=\"e-con-inner\">\n\t\t\t\t<div class=\"elementor-element elementor-element-4318c69 elementor-grid-3 elementor-grid-tablet-2 elementor-grid-mobile-1 elementor-widget elementor-widget-loop-grid\" data-id=\"4318c69\" data-element_type=\"widget\" data-e-type=\"widget\" data-settings=\"{&quot;template_id&quot;:14975,&quot;_skin&quot;:&quot;post&quot;,&quot;columns&quot;:&quot;3&quot;,&quot;columns_tablet&quot;:&quot;2&quot;,&quot;columns_mobile&quot;:&quot;1&quot;,&quot;edit_handle_selector&quot;:&quot;[data-elementor-type=\\&quot;loop-item\\&quot;]&quot;,&quot;row_gap&quot;:{&quot;unit&quot;:&quot;px&quot;,&quot;size&quot;:&quot;&quot;,&quot;sizes&quot;:[]},&quot;row_gap_tablet&quot;:{&quot;unit&quot;:&quot;px&quot;,&quot;size&quot;:&quot;&quot;,&quot;sizes&quot;:[]},&quot;row_gap_mobile&quot;:{&quot;unit&quot;:&quot;px&quot;,&quot;size&quot;:&quot;&quot;,&quot;sizes&quot;:[]}}\" data-widget_type=\"loop-grid.post\">\n\t\t\t\t<div class=\"elementor-widget-container\">\n\t\t\t\t\t\t\t<div class=\"elementor-loop-container elementor-grid\" role=\"list\">\n\t\t<style id=\"loop-14975\"><\/style>\t\t<\/div>\n\t\t\n\t\t\t\t\t\t<\/div>\n\t\t\t\t<\/div>\n\t\t\t\t\t<\/div>\n\t\t\t\t<\/div>\n\t\t\t\t<\/div>\n\t\t","protected":false},"excerpt":{"rendered":"<p>Wenn Sie ein digitaler Nomade sind und in ein tropisches Inselparadies ziehen m\u00f6chten, k\u00f6nnte Sie die Beantragung eines Visums f\u00fcr digitale Nomaden f\u00fcr die Kapverden interessieren. Kap Verde ist eine Inselgruppe im Atlantischen Ozean mit einer Mischung aus portugiesischer und afrikanischer Kultur. Das Land r\u00fchmt sich eines warmen tropischen Klimas, sch\u00f6ner Str\u00e4nde und vulkanischer Inseln, [&hellip;]<\/p>\n","protected":false},"author":2,"featured_media":0,"parent":0,"menu_order":0,"comment_status":"closed","ping_status":"closed","template":"","meta":{"footnotes":""},"class_list":["post-15573","page","type-page","status-publish","hentry"],"_links":{"self":[{"href":"https:\/\/cabo-verde.cv\/de\/wp-json\/wp\/v2\/pages\/15573","targetHints":{"allow":["GET"]}}],"collection":[{"href":"https:\/\/cabo-verde.cv\/de\/wp-json\/wp\/v2\/pages"}],"about":[{"href":"https:\/\/cabo-verde.cv\/de\/wp-json\/wp\/v2\/types\/page"}],"author":[{"embeddable":true,"href":"https:\/\/cabo-verde.cv\/de\/wp-json\/wp\/v2\/users\/2"}],"replies":[{"embeddable":true,"href":"https:\/\/cabo-verde.cv\/de\/wp-json\/wp\/v2\/comments?post=15573"}],"version-history":[{"count":1,"href":"https:\/\/cabo-verde.cv\/de\/wp-json\/wp\/v2\/pages\/15573\/revisions"}],"predecessor-version":[{"id":15575,"href":"https:\/\/cabo-verde.cv\/de\/wp-json\/wp\/v2\/pages\/15573\/revisions\/15575"}],"wp:attachment":[{"href":"https:\/\/cabo-verde.cv\/de\/wp-json\/wp\/v2\/media?parent=15573"}],"curies":[{"name":"wp","href":"https:\/\/api.w.org\/{rel}","templated":true}]}}