{"id":14879,"date":"2023-12-21T21:17:54","date_gmt":"2023-12-21T21:17:54","guid":{"rendered":"https:\/\/cabo-verde.cv\/ueber-cabo-verde-plaza\/"},"modified":"2025-09-29T13:33:56","modified_gmt":"2025-09-29T13:33:56","slug":"ueber-cabo-verde-plaza","status":"publish","type":"page","link":"https:\/\/cabo-verde.cv\/de\/ueber-cabo-verde-plaza\/","title":{"rendered":"\u00dcber Cabo Verde Plaza"},"content":{"rendered":"\t\t<div data-elementor-type=\"wp-page\" data-elementor-id=\"14879\" class=\"elementor elementor-14879 elementor-1321\" data-elementor-post-type=\"page\">\n\t\t\t\t<div class=\"elementor-element elementor-element-61fe28ff e-flex e-con-boxed e-con e-parent\" data-id=\"61fe28ff\" data-element_type=\"container\" data-e-type=\"container\" data-settings=\"{&quot;background_background&quot;:&quot;gradient&quot;}\">\n\t\t\t\t\t<div class=\"e-con-inner\">\n\t\t\t\t<div class=\"elementor-element elementor-element-33ccbd76 animated-slow elementor-invisible elementor-widget elementor-widget-heading\" data-id=\"33ccbd76\" data-element_type=\"widget\" data-e-type=\"widget\" data-settings=\"{&quot;_animation&quot;:&quot;slideInUp&quot;}\" data-widget_type=\"heading.default\">\n\t\t\t\t<div class=\"elementor-widget-container\">\n\t\t\t\t\t<h2 class=\"elementor-heading-title elementor-size-default\">Wie alles begann<\/h2>\t\t\t\t<\/div>\n\t\t\t\t<\/div>\n\t\t\t\t<div class=\"elementor-element elementor-element-1c84e74e animated-slow elementor-invisible elementor-widget elementor-widget-heading\" data-id=\"1c84e74e\" data-element_type=\"widget\" data-e-type=\"widget\" data-settings=\"{&quot;_animation&quot;:&quot;slideInUp&quot;}\" data-widget_type=\"heading.default\">\n\t\t\t\t<div class=\"elementor-widget-container\">\n\t\t\t\t\t<h2 class=\"elementor-heading-title elementor-size-default\">\u00fcber uns<\/h2>\t\t\t\t<\/div>\n\t\t\t\t<\/div>\n\t\t<div class=\"elementor-element elementor-element-1a353451 e-con-full e-flex e-con e-child\" data-id=\"1a353451\" data-element_type=\"container\" data-e-type=\"container\">\n\t\t<div class=\"elementor-element elementor-element-5db28385 animated-slow e-con-full e-flex elementor-invisible e-con e-child\" data-id=\"5db28385\" data-element_type=\"container\" data-e-type=\"container\" data-settings=\"{&quot;background_background&quot;:&quot;classic&quot;,&quot;animation&quot;:&quot;fadeInUp&quot;,&quot;animation_delay&quot;:600}\">\n\t\t\t\t<\/div>\n\t\t<div class=\"elementor-element elementor-element-1f813669 e-con-full e-flex e-con e-child\" data-id=\"1f813669\" data-element_type=\"container\" data-e-type=\"container\">\n\t\t\t\t<div class=\"elementor-element elementor-element-1a0307a7 elementor-blockquote--skin-quotation elementor-blockquote--align-center elementor-widget elementor-widget-blockquote\" data-id=\"1a0307a7\" data-element_type=\"widget\" data-e-type=\"widget\" data-widget_type=\"blockquote.default\">\n\t\t\t\t<div class=\"elementor-widget-container\">\n\t\t\t\t\t\t\t<blockquote class=\"elementor-blockquote\">\n\t\t\t<p class=\"elementor-blockquote__content\">\n\t\t\t\tVon der Frustration zur L\u00f6sung\t\t\t<\/p>\n\t\t\t\t\t<\/blockquote>\n\t\t\t\t\t\t<\/div>\n\t\t\t\t<\/div>\n\t\t\t\t<div class=\"elementor-element elementor-element-11561afa elementor-widget elementor-widget-text-editor\" data-id=\"11561afa\" data-element_type=\"widget\" data-e-type=\"widget\" data-widget_type=\"text-editor.default\">\n\t\t\t\t<div class=\"elementor-widget-container\">\n\t\t\t\t\t\t\t\t\t<p>Im Jahr 2003 stellten zwei Studenten fest, dass sie sehr frustriert waren, weil es an Informationen \u00fcber Kap Verde, seine Menschen und die Gemeinschaft mangelte. Entschlossen, diese L\u00fccke zu schlie\u00dfen, widmeten sie sich mehrere Monate lang der Entwicklung einer Plattform und starteten im Jahr 2004 erfolgreich CaboVerdePlaza. Kurz darauf kam ein dritter Mitbegr\u00fcnder hinzu, der wesentlich zum wachsenden Erfolg der Plattform beitrug. Obwohl CaboVerdePlaza noch nicht \u00fcber eine so umfangreiche soziale Medienlandschaft verf\u00fcgte wie heute, konnte es t\u00e4glich bis zu 10.000 Besucher anziehen und einen guten Jahresumsatz erzielen.   <\/p>\t\t\t\t\t\t\t\t<\/div>\n\t\t\t\t<\/div>\n\t\t\t\t<\/div>\n\t\t\t\t<\/div>\n\t\t\t\t\t<\/div>\n\t\t\t\t<\/div>\n\t\t<div class=\"elementor-element elementor-element-1cbc3ef2 e-flex e-con-boxed e-con e-parent\" data-id=\"1cbc3ef2\" data-element_type=\"container\" data-e-type=\"container\" data-settings=\"{&quot;background_background&quot;:&quot;gradient&quot;}\">\n\t\t\t\t\t<div class=\"e-con-inner\">\n\t\t<div class=\"elementor-element elementor-element-477e6c87 e-con-full e-flex e-con e-child\" data-id=\"477e6c87\" data-element_type=\"container\" data-e-type=\"container\">\n\t\t\t\t<div class=\"elementor-element elementor-element-4da31f39 elementor-widget-divider--view-line elementor-invisible elementor-widget elementor-widget-divider\" data-id=\"4da31f39\" data-element_type=\"widget\" data-e-type=\"widget\" data-settings=\"{&quot;_animation&quot;:&quot;fadeInLeft&quot;}\" data-widget_type=\"divider.default\">\n\t\t\t\t<div class=\"elementor-widget-container\">\n\t\t\t\t\t\t\t<div class=\"elementor-divider\">\n\t\t\t<span class=\"elementor-divider-separator\">\n\t\t\t\t\t\t<\/span>\n\t\t<\/div>\n\t\t\t\t\t\t<\/div>\n\t\t\t\t<\/div>\n\t\t\t\t<div class=\"elementor-element elementor-element-2010d84d elementor-widget-tablet__width-inherit elementor-widget elementor-widget-heading\" data-id=\"2010d84d\" data-element_type=\"widget\" data-e-type=\"widget\" data-widget_type=\"heading.default\">\n\t\t\t\t<div class=\"elementor-widget-container\">\n\t\t\t\t\t<h2 class=\"elementor-heading-title elementor-size-default\">Im Jahr 2009 stellte CaboVerdePlaza seine Aktivit\u00e4ten ein<\/h2>\t\t\t\t<\/div>\n\t\t\t\t<\/div>\n\t\t\t\t<div class=\"elementor-element elementor-element-7a47b637 elementor-widget elementor-widget-icon-box\" data-id=\"7a47b637\" data-element_type=\"widget\" data-e-type=\"widget\" data-widget_type=\"icon-box.default\">\n\t\t\t\t<div class=\"elementor-widget-container\">\n\t\t\t\t\t\t\t<div class=\"elementor-icon-box-wrapper\">\n\n\t\t\t\n\t\t\t\t\t\t<div class=\"elementor-icon-box-content\">\n\n\t\t\t\t\n\t\t\t\t\t\t\t\t\t<p class=\"elementor-icon-box-description\">\n\t\t\t\t\t\tIhre Reise war gepr\u00e4gt von langen Tagen und N\u00e4chten, die sie damit verbrachten, Inhalte zu erstellen und eine solide Community rund um ihre Plattform aufzubauen. Unbeirrt von den Herausforderungen schafften sie es, ihr Engagement f\u00fcr CaboVerdePlaza mit den Anforderungen ihres Studiums in Einklang zu bringen. Die triumphale Phase erwies sich jedoch als fl\u00fcchtig, da die Gr\u00fcnder nach Abschluss ihres Studiums schlie\u00dflich getrennte Wege einschlugen. Die schwindenden Einnahmen aus der Plattform und die zunehmenden Anforderungen an ihre Zeit und Energie machten es als reines Hobby nicht mehr tragbar. Folglich stellte CaboVerdePlaza 2009 seine Aktivit\u00e4ten ein, wobei die Gr\u00fcnder auf eine zuk\u00fcnftige R\u00fcckkehr hofften.    \t\t\t\t\t<\/p>\n\t\t\t\t\n\t\t\t<\/div>\n\t\t\t\n\t\t<\/div>\n\t\t\t\t\t\t<\/div>\n\t\t\t\t<\/div>\n\t\t\t\t<\/div>\n\t\t<div class=\"elementor-element elementor-element-381a6483 e-con-full e-flex e-con e-child\" data-id=\"381a6483\" data-element_type=\"container\" data-e-type=\"container\">\n\t\t\t\t<div class=\"elementor-element elementor-element-58ae8ba8 elementor-widget-mobile__width-initial elementor-widget__width-initial elementor-widget-tablet__width-initial elementor-invisible elementor-widget elementor-widget-image\" data-id=\"58ae8ba8\" data-element_type=\"widget\" data-e-type=\"widget\" data-settings=\"{&quot;_animation&quot;:&quot;fadeInDown&quot;}\" data-widget_type=\"image.default\">\n\t\t\t\t<div class=\"elementor-widget-container\">\n\t\t\t\t\t\t\t\t\t\t\t\t\t\t\t<img fetchpriority=\"high\" decoding=\"async\" width=\"331\" height=\"400\" src=\"https:\/\/cabo-verde.cv\/wp-content\/uploads\/2024\/01\/person1-marketing-agency.jpg\" class=\"attachment-large size-large wp-image-1423\" alt=\"\" srcset=\"https:\/\/cabo-verde.cv\/wp-content\/uploads\/2024\/01\/person1-marketing-agency.jpg 331w, https:\/\/cabo-verde.cv\/wp-content\/uploads\/2024\/01\/person1-marketing-agency-248x300.jpg 248w\" sizes=\"(max-width: 331px) 100vw, 331px\" \/>\t\t\t\t\t\t\t\t\t\t\t\t\t\t\t<\/div>\n\t\t\t\t<\/div>\n\t\t\t\t<div class=\"elementor-element elementor-element-44708d15 elementor-widget-mobile__width-initial elementor-widget__width-initial elementor-widget-tablet__width-initial elementor-invisible elementor-widget elementor-widget-image\" data-id=\"44708d15\" data-element_type=\"widget\" data-e-type=\"widget\" data-settings=\"{&quot;_animation&quot;:&quot;fadeInRight&quot;}\" data-widget_type=\"image.default\">\n\t\t\t\t<div class=\"elementor-widget-container\">\n\t\t\t\t\t\t\t\t\t\t\t\t\t\t\t<img decoding=\"async\" width=\"331\" height=\"400\" src=\"https:\/\/cabo-verde.cv\/wp-content\/uploads\/2024\/01\/person2-marketing-agency.jpg\" class=\"attachment-large size-large wp-image-1424\" alt=\"\" srcset=\"https:\/\/cabo-verde.cv\/wp-content\/uploads\/2024\/01\/person2-marketing-agency.jpg 331w, https:\/\/cabo-verde.cv\/wp-content\/uploads\/2024\/01\/person2-marketing-agency-248x300.jpg 248w\" sizes=\"(max-width: 331px) 100vw, 331px\" \/>\t\t\t\t\t\t\t\t\t\t\t\t\t\t\t<\/div>\n\t\t\t\t<\/div>\n\t\t\t\t<div class=\"elementor-element elementor-element-62106a3a elementor-widget-mobile__width-initial elementor-widget__width-initial elementor-widget-tablet__width-initial elementor-invisible elementor-widget elementor-widget-image\" data-id=\"62106a3a\" data-element_type=\"widget\" data-e-type=\"widget\" data-settings=\"{&quot;_animation&quot;:&quot;fadeInUp&quot;}\" data-widget_type=\"image.default\">\n\t\t\t\t<div class=\"elementor-widget-container\">\n\t\t\t\t\t\t\t\t\t\t\t\t\t\t\t<img decoding=\"async\" width=\"331\" height=\"400\" src=\"https:\/\/cabo-verde.cv\/wp-content\/uploads\/2024\/01\/About-3_1.jpg\" class=\"attachment-large size-large wp-image-1425\" alt=\"\" srcset=\"https:\/\/cabo-verde.cv\/wp-content\/uploads\/2024\/01\/About-3_1.jpg 331w, https:\/\/cabo-verde.cv\/wp-content\/uploads\/2024\/01\/About-3_1-248x300.jpg 248w\" sizes=\"(max-width: 331px) 100vw, 331px\" \/>\t\t\t\t\t\t\t\t\t\t\t\t\t\t\t<\/div>\n\t\t\t\t<\/div>\n\t\t\t\t<div class=\"elementor-element elementor-element-5848fd6e elementor-widget-mobile__width-initial elementor-widget__width-initial elementor-widget-tablet__width-initial elementor-invisible elementor-widget elementor-widget-image\" data-id=\"5848fd6e\" data-element_type=\"widget\" data-e-type=\"widget\" data-settings=\"{&quot;_animation&quot;:&quot;fadeInRight&quot;,&quot;_animation_delay&quot;:&quot;200&quot;}\" data-widget_type=\"image.default\">\n\t\t\t\t<div class=\"elementor-widget-container\">\n\t\t\t\t\t\t\t\t\t\t\t\t\t\t\t<img loading=\"lazy\" decoding=\"async\" width=\"331\" height=\"400\" src=\"https:\/\/cabo-verde.cv\/wp-content\/uploads\/2024\/01\/person4-marketing-agency.jpg\" class=\"attachment-large size-large wp-image-1426\" alt=\"\" srcset=\"https:\/\/cabo-verde.cv\/wp-content\/uploads\/2024\/01\/person4-marketing-agency.jpg 331w, https:\/\/cabo-verde.cv\/wp-content\/uploads\/2024\/01\/person4-marketing-agency-248x300.jpg 248w\" sizes=\"(max-width: 331px) 100vw, 331px\" \/>\t\t\t\t\t\t\t\t\t\t\t\t\t\t\t<\/div>\n\t\t\t\t<\/div>\n\t\t\t\t<\/div>\n\t\t\t\t\t<\/div>\n\t\t\t\t<\/div>\n\t\t<div class=\"elementor-element elementor-element-408b0b32 e-con-full e-flex e-con e-parent\" data-id=\"408b0b32\" data-element_type=\"container\" data-e-type=\"container\" data-settings=\"{&quot;background_background&quot;:&quot;gradient&quot;}\">\n\t\t<div class=\"elementor-element elementor-element-271bcfa8 e-con-full e-flex e-con e-child\" data-id=\"271bcfa8\" data-element_type=\"container\" data-e-type=\"container\">\n\t\t\t\t<div class=\"elementor-element elementor-element-6512a078 elementor-widget-divider--view-line elementor-invisible elementor-widget elementor-widget-divider\" data-id=\"6512a078\" data-element_type=\"widget\" data-e-type=\"widget\" data-settings=\"{&quot;_animation&quot;:&quot;fadeInLeft&quot;}\" data-widget_type=\"divider.default\">\n\t\t\t\t<div class=\"elementor-widget-container\">\n\t\t\t\t\t\t\t<div class=\"elementor-divider\">\n\t\t\t<span class=\"elementor-divider-separator\">\n\t\t\t\t\t\t<\/span>\n\t\t<\/div>\n\t\t\t\t\t\t<\/div>\n\t\t\t\t<\/div>\n\t\t\t\t<div class=\"elementor-element elementor-element-5ff81cd elementor-widget elementor-widget-heading\" data-id=\"5ff81cd\" data-element_type=\"widget\" data-e-type=\"widget\" data-widget_type=\"heading.default\">\n\t\t\t\t<div class=\"elementor-widget-container\">\n\t\t\t\t\t<h2 class=\"elementor-heading-title elementor-size-default\">20 Jahre nach dem ersten Start.<\/h2>\t\t\t\t<\/div>\n\t\t\t\t<\/div>\n\t\t\t\t<div class=\"elementor-element elementor-element-3ac89984 elementor-widget__width-inherit elementor-invisible elementor-widget elementor-widget-image\" data-id=\"3ac89984\" data-element_type=\"widget\" data-e-type=\"widget\" data-settings=\"{&quot;_animation&quot;:&quot;fadeIn&quot;}\" data-widget_type=\"image.default\">\n\t\t\t\t<div class=\"elementor-widget-container\">\n\t\t\t\t\t\t\t\t\t\t\t\t\t\t\t<img loading=\"lazy\" decoding=\"async\" width=\"558\" height=\"400\" src=\"https:\/\/cabo-verde.cv\/wp-content\/uploads\/2023\/12\/Social-Media.jpg\" class=\"attachment-large size-large wp-image-1368\" alt=\"\" srcset=\"https:\/\/cabo-verde.cv\/wp-content\/uploads\/2023\/12\/Social-Media.jpg 558w, https:\/\/cabo-verde.cv\/wp-content\/uploads\/2023\/12\/Social-Media-300x215.jpg 300w\" sizes=\"(max-width: 558px) 100vw, 558px\" \/>\t\t\t\t\t\t\t\t\t\t\t\t\t\t\t<\/div>\n\t\t\t\t<\/div>\n\t\t\t\t<\/div>\n\t\t<div class=\"elementor-element elementor-element-54c20f9c e-con-full e-flex e-con e-child\" data-id=\"54c20f9c\" data-element_type=\"container\" data-e-type=\"container\">\n\t\t\t\t<div class=\"elementor-element elementor-element-2b4d88cd elementor-widget__width-initial elementor-invisible elementor-widget elementor-widget-image\" data-id=\"2b4d88cd\" data-element_type=\"widget\" data-e-type=\"widget\" data-settings=\"{&quot;_animation&quot;:&quot;fadeInDown&quot;,&quot;_animation_tablet&quot;:&quot;fadeInLeft&quot;}\" data-widget_type=\"image.default\">\n\t\t\t\t<div class=\"elementor-widget-container\">\n\t\t\t\t\t\t\t\t\t\t\t\t\t\t\t<img loading=\"lazy\" decoding=\"async\" width=\"407\" height=\"495\" src=\"https:\/\/cabo-verde.cv\/wp-content\/uploads\/2024\/01\/person-about.jpg\" class=\"attachment-large size-large wp-image-1427\" alt=\"\" srcset=\"https:\/\/cabo-verde.cv\/wp-content\/uploads\/2024\/01\/person-about.jpg 407w, https:\/\/cabo-verde.cv\/wp-content\/uploads\/2024\/01\/person-about-247x300.jpg 247w\" sizes=\"(max-width: 407px) 100vw, 407px\" \/>\t\t\t\t\t\t\t\t\t\t\t\t\t\t\t<\/div>\n\t\t\t\t<\/div>\n\t\t\t\t<div class=\"elementor-element elementor-element-b21b9dd elementor-widget__width-initial elementor-invisible elementor-widget elementor-widget-image\" data-id=\"b21b9dd\" data-element_type=\"widget\" data-e-type=\"widget\" data-settings=\"{&quot;_animation&quot;:&quot;fadeInDown&quot;,&quot;_animation_tablet&quot;:&quot;fadeInRight&quot;,&quot;_animation_delay&quot;:&quot;200&quot;}\" data-widget_type=\"image.default\">\n\t\t\t\t<div class=\"elementor-widget-container\">\n\t\t\t\t\t\t\t\t\t\t\t\t\t\t\t<img loading=\"lazy\" decoding=\"async\" width=\"407\" height=\"495\" src=\"https:\/\/cabo-verde.cv\/wp-content\/uploads\/2024\/01\/about-markting-agency.jpg\" class=\"attachment-large size-large wp-image-1428\" alt=\"\" srcset=\"https:\/\/cabo-verde.cv\/wp-content\/uploads\/2024\/01\/about-markting-agency.jpg 407w, https:\/\/cabo-verde.cv\/wp-content\/uploads\/2024\/01\/about-markting-agency-247x300.jpg 247w\" sizes=\"(max-width: 407px) 100vw, 407px\" \/>\t\t\t\t\t\t\t\t\t\t\t\t\t\t\t<\/div>\n\t\t\t\t<\/div>\n\t\t\t\t<div class=\"elementor-element elementor-element-701e627d elementor-invisible elementor-widget elementor-widget-text-editor\" data-id=\"701e627d\" data-element_type=\"widget\" data-e-type=\"widget\" data-settings=\"{&quot;_animation&quot;:&quot;fadeInUp&quot;}\" data-widget_type=\"text-editor.default\">\n\t\t\t\t<div class=\"elementor-widget-container\">\n\t\t\t\t\t\t\t\t\t<p>Spulen Sie ins Jahr 2024 vor und CaboVerdePlaza ist wieder aufgetaucht, neu belebt und bereit, die Informationsl\u00fccke \u00fcber Cabo Verde und seine Bewohner zu schlie\u00dfen. Nach 20 Jahren war es an der Zeit, die Plattform zu relaunchen und eine F\u00fclle von Inhalten mitzubringen, die sich seit 2003 angesammelt haben. Das leidenschaftliche Ziel ist es, alle Facetten von Cabo Verde, seinen Bewohnern und seiner reichen Kultur wieder zu verbinden, zu informieren und zu f\u00f6rdern. Die Plattform will nicht nur die alten, \u00fcber die Jahre gesammelten Inhalte wieder aufleben lassen, sondern auch neue und aktuelle Informationen pr\u00e4sentieren und sich so als erster Anlaufpunkt f\u00fcr jeden positionieren, der sich auf eine Reise in Bezug auf Cabo Verde begibt. Cabo Verde Plaza erkl\u00e4rt sich selbst stolz als das \u201ePortal di nos Ilhas\u201c.    <\/p>\t\t\t\t\t\t\t\t<\/div>\n\t\t\t\t<\/div>\n\t\t\t\t<\/div>\n\t\t\t\t<\/div>\n\t\t<div class=\"elementor-element elementor-element-31355fd4 e-flex e-con-boxed e-con e-parent\" data-id=\"31355fd4\" data-element_type=\"container\" data-e-type=\"container\" data-settings=\"{&quot;background_background&quot;:&quot;gradient&quot;}\">\n\t\t\t\t\t<div class=\"e-con-inner\">\n\t\t<div class=\"elementor-element elementor-element-7cac03d6 e-con-full e-flex e-con e-child\" data-id=\"7cac03d6\" data-element_type=\"container\" data-e-type=\"container\">\n\t\t\t\t<div class=\"elementor-element elementor-element-734f38a0 elementor-widget__width-inherit elementor-widget-mobile__width-inherit elementor-widget elementor-widget-image-box\" data-id=\"734f38a0\" data-element_type=\"widget\" data-e-type=\"widget\" data-widget_type=\"image-box.default\">\n\t\t\t\t<div class=\"elementor-widget-container\">\n\t\t\t\t\t<div class=\"elementor-image-box-wrapper\"><div class=\"elementor-image-box-content\"><h3 class=\"elementor-image-box-title\">Neues Kapitel<\/h3><p class=\"elementor-image-box-description\">Der Relaunch ist nicht nur eine Wiederbelebung, sondern stellt ein erneutes Engagement dar, als umfassende Informationsquelle \u00fcber Cabo Verde zu dienen. Die Gr\u00fcnder haben erkannt, wie wichtig es ist, die Fortschritte in der Technologie und die sich ver\u00e4ndernde digitale Landschaft zu nutzen, um eine robustere und nachhaltigere Plattform zu schaffen. Mit einer strategischen Vision strebt CaboVerdePlaza danach, mehr als nur eine Informationsquelle zu sein - es will Verbindungen f\u00f6rdern, die Lebendigkeit der kapverdischen Kultur feiern und als dynamischer Knotenpunkt f\u00fcr alles dienen, was mit dem Archipel zu tun hat.  <\/p><\/div><\/div>\t\t\t\t<\/div>\n\t\t\t\t<\/div>\n\t\t\t\t<div class=\"elementor-element elementor-element-44aad806 elementor-widget elementor-widget-image\" data-id=\"44aad806\" data-element_type=\"widget\" data-e-type=\"widget\" data-widget_type=\"image.default\">\n\t\t\t\t<div class=\"elementor-widget-container\">\n\t\t\t\t\t\t\t\t\t\t\t\t\t\t\t<img loading=\"lazy\" decoding=\"async\" width=\"489\" height=\"540\" src=\"https:\/\/cabo-verde.cv\/wp-content\/uploads\/2024\/01\/workshop_ceramic_hero_img2.jpg\" class=\"attachment-large size-large wp-image-1429\" alt=\"\" srcset=\"https:\/\/cabo-verde.cv\/wp-content\/uploads\/2024\/01\/workshop_ceramic_hero_img2.jpg 489w, https:\/\/cabo-verde.cv\/wp-content\/uploads\/2024\/01\/workshop_ceramic_hero_img2-272x300.jpg 272w\" sizes=\"(max-width: 489px) 100vw, 489px\" \/>\t\t\t\t\t\t\t\t\t\t\t\t\t\t\t<\/div>\n\t\t\t\t<\/div>\n\t\t\t\t<\/div>\n\t\t<div class=\"elementor-element elementor-element-3b63b026 e-con-full e-flex e-con e-child\" data-id=\"3b63b026\" data-element_type=\"container\" data-e-type=\"container\">\n\t\t\t\t<div class=\"elementor-element elementor-element-64124c24 elementor-widget__width-initial elementor-widget-tablet__width-inherit elementor-widget-mobile__width-inherit elementor-position-top elementor-widget elementor-widget-image-box\" data-id=\"64124c24\" data-element_type=\"widget\" data-e-type=\"widget\" data-widget_type=\"image-box.default\">\n\t\t\t\t<div class=\"elementor-widget-container\">\n\t\t\t\t\t<div class=\"elementor-image-box-wrapper\"><figure class=\"elementor-image-box-img\"><img loading=\"lazy\" decoding=\"async\" width=\"546\" height=\"560\" src=\"https:\/\/cabo-verde.cv\/wp-content\/uploads\/2024\/01\/workshop_ceramic_Service_Details_01.jpg\" class=\"attachment-full size-full wp-image-1430\" alt=\"\" srcset=\"https:\/\/cabo-verde.cv\/wp-content\/uploads\/2024\/01\/workshop_ceramic_Service_Details_01.jpg 546w, https:\/\/cabo-verde.cv\/wp-content\/uploads\/2024\/01\/workshop_ceramic_Service_Details_01-293x300.jpg 293w\" sizes=\"(max-width: 546px) 100vw, 546px\" \/><\/figure><div class=\"elementor-image-box-content\"><p class=\"elementor-image-box-description\">Wenn CaboVerdePlaza dieses neue Kapitel aufschl\u00e4gt, bringt es die unsch\u00e4tzbaren Erfahrungen mit, die es aus seinem fr\u00fcheren Erfolg und der anschlie\u00dfenden Unterbrechung gewonnen hat. Die Gr\u00fcnder haben ein tiefes Verst\u00e4ndnis f\u00fcr die Herausforderungen, die zur vor\u00fcbergehenden Schlie\u00dfung der Plattform gef\u00fchrt haben. Sie sind bereit, sich in der sich entwickelnden digitalen Landschaft zurechtzufinden und CaboVerdePlaza wieder zu einer dauerhaften und einflussreichen Pr\u00e4senz zu machen. Der Relaunch ist nicht nur eine R\u00fcckkehr, sondern eine strategische und zielgerichtete Wiedergeburt - ein Beweis f\u00fcr die Best\u00e4ndigkeit der Vision der Gr\u00fcnder und die anhaltende Bedeutung von Cabo Verde Plaza in der digitalen Welt.  <\/p><\/div><\/div>\t\t\t\t<\/div>\n\t\t\t\t<\/div>\n\t\t\t\t<\/div>\n\t\t\t\t\t<\/div>\n\t\t\t\t<\/div>\n\t\t\t\t<\/div>\n\t\t","protected":false},"excerpt":{"rendered":"<p>Wie alles begann \u00fcber uns Von der Frustration zur L\u00f6sung Im Jahr 2003 stellten zwei Studenten fest, dass sie sehr frustriert waren, weil es an Informationen \u00fcber Kap Verde, seine Menschen und die Gemeinschaft mangelte. Entschlossen, diese L\u00fccke zu schlie\u00dfen, widmeten sie sich mehrere Monate lang der Entwicklung einer Plattform und starteten im Jahr 2004 [&hellip;]<\/p>\n","protected":false},"author":2,"featured_media":0,"parent":0,"menu_order":0,"comment_status":"closed","ping_status":"closed","template":"elementor_header_footer","meta":{"footnotes":""},"class_list":["post-14879","page","type-page","status-publish","hentry"],"_links":{"self":[{"href":"https:\/\/cabo-verde.cv\/de\/wp-json\/wp\/v2\/pages\/14879","targetHints":{"allow":["GET"]}}],"collection":[{"href":"https:\/\/cabo-verde.cv\/de\/wp-json\/wp\/v2\/pages"}],"about":[{"href":"https:\/\/cabo-verde.cv\/de\/wp-json\/wp\/v2\/types\/page"}],"author":[{"embeddable":true,"href":"https:\/\/cabo-verde.cv\/de\/wp-json\/wp\/v2\/users\/2"}],"replies":[{"embeddable":true,"href":"https:\/\/cabo-verde.cv\/de\/wp-json\/wp\/v2\/comments?post=14879"}],"version-history":[{"count":1,"href":"https:\/\/cabo-verde.cv\/de\/wp-json\/wp\/v2\/pages\/14879\/revisions"}],"predecessor-version":[{"id":14881,"href":"https:\/\/cabo-verde.cv\/de\/wp-json\/wp\/v2\/pages\/14879\/revisions\/14881"}],"wp:attachment":[{"href":"https:\/\/cabo-verde.cv\/de\/wp-json\/wp\/v2\/media?parent=14879"}],"curies":[{"name":"wp","href":"https:\/\/api.w.org\/{rel}","templated":true}]}}